{"id":26624,"date":"2025-05-21T11:31:53","date_gmt":"2025-05-21T09:31:53","guid":{"rendered":"https:\/\/www.volkshilfe-ooe.at\/?page_id=26624"},"modified":"2025-05-21T11:31:53","modified_gmt":"2025-05-21T09:31:53","slug":"become-a-member-2","status":"publish","type":"page","link":"https:\/\/www.volkshilfe-ooe.at\/en\/jobs-volunteering\/become-a-member-2\/","title":{"rendered":"Become a member"},"content":{"rendered":"\n\n\t<section class=\"section bottom-space text-img-cols\" id=\"section_1677761457\">\n\t\t<div class=\"section-bg fill\" >\n\t\t\t\t\t\t\t\t\t\n\t\t\t\n\n\t\t<\/div>\n\n\t\t\n\n\t\t<div class=\"section-content relative\">\n\t\t\t\n\n<div class=\"row row-collapse\"  id=\"row-1186510413\">\n\n\n\t<div id=\"col-719841457\" class=\"col left-col medium-12 small-12 large-6\"  >\n\t\t\t\t<div class=\"col-inner\"  >\n\t\t\t\n\t\t\t\n\n<h1>Mitglied werden<\/h1>\n<p>Wir ver\u00e4ndern &#8211; wir bewegen &#8211; wir sind da<br \/>Die Volkshilfe ist seit \u00fcber 30 Jahren t\u00e4glich f\u00fcr Menschen da. Mit 1.600 hauptamtlichen Mitarbeiter*innen und mehr als 500 freiwilligen Engagierten sind wir eine der gr\u00f6\u00dften Sozialorganisationen Ober\u00f6sterreichs. Wir sind f\u00fcr \u00e4ltere, kranke, beeintr\u00e4chtigte, gefl\u00fcchtete, arbeitslose und armutsgef\u00e4hrdete Menschen da.<\/p>\n<p>Sei bei uns dabei, wenn du\u2026<\/p>\n<ul>\n<li>f\u00fcr Gerechtigkeit, Solidarit\u00e4t und gegen Benachteiligung in der Gesellschaft eintreten willst<\/li>\n<li>einen finanziellen Beitrag f\u00fcr soziale Projekte in deiner Region leisten willst<\/li>\n<li>armutsgef\u00e4hrdete Menschen in deiner Region direkt und unkompliziert unterst\u00fctzen willst<\/li>\n<li>sozialpolitisch interessiert bist und aktiv mitgestalten willst<\/li>\n<\/ul>\n\n\t\t<\/div>\n\t\t\t\t\t<\/div>\n\n\t\n\n\t<div id=\"col-1292688533\" class=\"col right-col medium-12 small-12 large-6\"  >\n\t\t\t\t<div class=\"col-inner\"  >\n\t\t\t\n\t\t\t\n\n\t<div class=\"img has-hover x md-x lg-x y md-y lg-y\" id=\"image_720882441\">\n\t\t\t\t\t\t\t\t<div class=\"img-inner image-cover dark\" style=\"padding-top:67%;\">\n\t\t\t<img decoding=\"async\" width=\"2549\" height=\"1699\" src=\"https:\/\/www.volkshilfe-ooe.at\/wp-content\/uploads\/2023\/12\/vhooe_mitgliedschaft-2.jpg\" class=\"attachment-original size-original\" alt=\"null\" srcset=\"https:\/\/www.volkshilfe-ooe.at\/wp-content\/uploads\/2023\/12\/vhooe_mitgliedschaft-2.jpg 2549w, https:\/\/www.volkshilfe-ooe.at\/wp-content\/uploads\/2023\/12\/vhooe_mitgliedschaft-2-600x400.jpg 600w, https:\/\/www.volkshilfe-ooe.at\/wp-content\/uploads\/2023\/12\/vhooe_mitgliedschaft-2-1200x800.jpg 1200w, https:\/\/www.volkshilfe-ooe.at\/wp-content\/uploads\/2023\/12\/vhooe_mitgliedschaft-2-768x512.jpg 768w, https:\/\/www.volkshilfe-ooe.at\/wp-content\/uploads\/2023\/12\/vhooe_mitgliedschaft-2-1536x1024.jpg 1536w, https:\/\/www.volkshilfe-ooe.at\/wp-content\/uploads\/2023\/12\/vhooe_mitgliedschaft-2-2048x1365.jpg 2048w\" sizes=\"(max-width: 2549px) 100vw, 2549px\" \/>\t\t\t\t\t\t\n\t\t\t\t\t<\/div>\n\t\t\t\t\t\t\t\t\n<style>\n#image_720882441 {\n  width: 100%;\n}\n<\/style>\n\t<\/div>\n\t\n\n\n\t\t<\/div>\n\t\t\t\t\t<\/div>\n\n\t\n\n<\/div>\n\n\t\t<\/div>\n\n\t\t\n<style>\n#section_1677761457 {\n  padding-top: 0px;\n  padding-bottom: 0px;\n}\n<\/style>\n\t<\/section>\n\t\n\n\t<section class=\"section bottom-space img-text-cols\" id=\"section_2110920592\">\n\t\t<div class=\"section-bg fill\" >\n\t\t\t\t\t\t\t\t\t\n\t\t\t\n\n\t\t<\/div>\n\n\t\t\n\n\t\t<div class=\"section-content relative\">\n\t\t\t\n\n<div class=\"row row-collapse\"  id=\"row-1799387865\">\n\n\n\t<div id=\"col-661088265\" class=\"col left-col medium-12 small-12 large-6\"  >\n\t\t\t\t<div class=\"col-inner\"  >\n\t\t\t\n\t\t\t\n\n\t<div class=\"img has-hover x md-x lg-x y md-y lg-y\" id=\"image_1949158880\">\n\t\t\t\t\t\t\t\t<div class=\"img-inner image-cover dark\" style=\"padding-top:67%;\">\n\t\t\t<img decoding=\"async\" width=\"1243\" height=\"933\" src=\"https:\/\/www.volkshilfe-ooe.at\/wp-content\/uploads\/2023\/12\/vhooe_mitgliedschaft-1.jpg\" class=\"attachment-original size-original\" alt=\"null\" srcset=\"https:\/\/www.volkshilfe-ooe.at\/wp-content\/uploads\/2023\/12\/vhooe_mitgliedschaft-1.jpg 1243w, https:\/\/www.volkshilfe-ooe.at\/wp-content\/uploads\/2023\/12\/vhooe_mitgliedschaft-1-533x400.jpg 533w, https:\/\/www.volkshilfe-ooe.at\/wp-content\/uploads\/2023\/12\/vhooe_mitgliedschaft-1-1066x800.jpg 1066w, https:\/\/www.volkshilfe-ooe.at\/wp-content\/uploads\/2023\/12\/vhooe_mitgliedschaft-1-768x576.jpg 768w\" sizes=\"(max-width: 1243px) 100vw, 1243px\" \/>\t\t\t\t\t\t\n\t\t\t\t\t<\/div>\n\t\t\t\t\t\t\t\t\n<style>\n#image_1949158880 {\n  width: 100%;\n}\n<\/style>\n\t<\/div>\n\t\n\n\n\t\t<\/div>\n\t\t\t\t\t<\/div>\n\n\t\n\n\t<div id=\"col-402357730\" class=\"col right-col medium-12 small-12 large-6 medium-col-first\"  >\n\t\t\t\t<div class=\"col-inner\"  >\n\t\t\t\n\t\t\t\n\n<h3>Gemeinsam mehr bewegen<\/h3>\n<p>Wir sind nicht nur eine gute Arbeitgeberin und bieten Hilfe f\u00fcr Menschen, sondern auch ein sozialpolitisches Sprachrohr. Wir erheben unsere Stimme, wenn es zu Ungerechtigkeiten in der Gesellschaft kommt. Wir treten f\u00fcr Menschlichkeit ein. Dazu brauchen wir dich!<\/p>\n<h3>Kosten<\/h3>\n<p>Unsere Mitgliedschaft kostet 29\u20ac\/ Jahr. Sie k\u00f6nnen die Erm\u00e4chtigung jederzeit und ohne Angaben von Gr\u00fcnden widerrufen. Der Mitgliedsbeitrag ist nicht von der Steuer absetzbar.<\/p>\n\n\t\t<\/div>\n\t\t\t\t\t<\/div>\n\n\t\n\n<\/div>\n\n\t\t<\/div>\n\n\t\t\n<style>\n#section_2110920592 {\n  padding-top: 0px;\n  padding-bottom: 0px;\n}\n<\/style>\n\t<\/section>\n\t\n\n\t<section class=\"section\" id=\"section_1030664180\">\n\t\t<div class=\"section-bg fill\" >\n\t\t\t\t\t\t\t\t\t\n\t\t\t\n\n\t\t<\/div>\n\n\t\t\n\n\t\t<div class=\"section-content relative\">\n\t\t\t\n\n<div class=\"row\"  id=\"row-2059356532\">\n\n\n\t<div id=\"col-1059562402\" class=\"col small-12 large-12\"  >\n\t\t\t\t<div class=\"col-inner text-left\"  >\n\t\t\t\n\t\t\t\n\n\t<div id=\"text-1546444717\" class=\"text\">\n\t\t\n\n<h2>Jetzt anmelden<\/h2>\n\t\t\n<style>\n#text-1546444717 {\n  text-align: center;\n}\n<\/style>\n\t<\/div>\n\t\n\n<div class=\"wpcf7 no-js\" id=\"wpcf7-f5115-o1\" lang=\"de-DE\" dir=\"ltr\" data-wpcf7-id=\"5115\">\n<div class=\"screen-reader-response\"><p role=\"status\" aria-live=\"polite\" aria-atomic=\"true\"><\/p> <ul><\/ul><\/div>\n<form action=\"\/en\/wp-json\/wp\/v2\/pages\/26624#wpcf7-f5115-o1\" method=\"post\" class=\"wpcf7-form init\" aria-label=\"Kontaktformular\" novalidate=\"novalidate\" data-status=\"init\">\n<fieldset class=\"hidden-fields-container\"><input type=\"hidden\" name=\"_wpcf7\" value=\"5115\" \/><input type=\"hidden\" name=\"_wpcf7_version\" value=\"6.1.4\" \/><input type=\"hidden\" name=\"_wpcf7_locale\" value=\"de_DE\" \/><input type=\"hidden\" name=\"_wpcf7_unit_tag\" value=\"wpcf7-f5115-o1\" \/><input type=\"hidden\" name=\"_wpcf7_container_post\" value=\"0\" \/><input type=\"hidden\" name=\"_wpcf7_posted_data_hash\" value=\"\" \/><input type=\"hidden\" name=\"_wpcf7cf_hidden_group_fields\" value=\"[]\" \/><input type=\"hidden\" name=\"_wpcf7cf_hidden_groups\" value=\"[]\" \/><input type=\"hidden\" name=\"_wpcf7cf_visible_groups\" value=\"[]\" \/><input type=\"hidden\" name=\"_wpcf7cf_repeaters\" value=\"[]\" \/><input type=\"hidden\" name=\"_wpcf7cf_steps\" value=\"{}\" \/><input type=\"hidden\" name=\"_wpcf7cf_options\" value=\"{&quot;form_id&quot;:5115,&quot;conditions&quot;:[{&quot;then_field&quot;:&quot;payment&quot;,&quot;and_rules&quot;:[{&quot;if_field&quot;:&quot;paymentmethods&quot;,&quot;operator&quot;:&quot;equals&quot;,&quot;if_value&quot;:&quot;Bankeinzug&quot;}]}],&quot;settings&quot;:{&quot;animation&quot;:&quot;yes&quot;,&quot;animation_intime&quot;:200,&quot;animation_outtime&quot;:200,&quot;conditions_ui&quot;:&quot;normal&quot;,&quot;notice_dismissed&quot;:false,&quot;notice_dismissed_rollback-cf7-5.8.3&quot;:true,&quot;notice_dismissed_rollback-cf7-5.8.4&quot;:true,&quot;notice_dismissed_rollback-cf7-5.8.5&quot;:true}}\" \/><input type=\"hidden\" name=\"_wpcf7_recaptcha_response\" value=\"\" \/>\n<\/fieldset>\n<div class=\"cf-various-cols\">\n\t<div class=\"cf-2-cols\">\n\t\t<p><label> Anrede*<br \/>\n<span class=\"wpcf7-form-control-wrap\" data-name=\"anrede\"><select class=\"wpcf7-form-control wpcf7-select wpcf7-validates-as-required\" aria-required=\"true\" aria-invalid=\"false\" name=\"anrede\"><option value=\"\">&#8211; Bitte ausw\u00e4hlen &#8211;<\/option><option value=\"Herr\">Herr<\/option><option value=\"Frau\">Frau<\/option><option value=\"Divers\">Divers<\/option><\/select><\/span><br \/>\n<\/label>\n\t\t<\/p>\n\t<\/div>\n\t<div class=\"cf-2-cols\">\n\t\t<p><label> Titel<br \/>\n<span class=\"wpcf7-form-control-wrap\" data-name=\"title\"><input size=\"40\" maxlength=\"400\" class=\"wpcf7-form-control wpcf7-text\" aria-invalid=\"false\" value=\"\" type=\"text\" name=\"title\" \/><\/span><br \/>\n<\/label>\n\t\t<\/p>\n\t<\/div>\n<\/div>\n<div class=\"cf-various-cols\">\n\t<div class=\"cf-2-cols\">\n\t\t<p><label> Vorname*<br \/>\n<span class=\"wpcf7-form-control-wrap\" data-name=\"first-name\"><input size=\"40\" maxlength=\"400\" class=\"wpcf7-form-control wpcf7-text wpcf7-validates-as-required\" aria-required=\"true\" aria-invalid=\"false\" value=\"\" type=\"text\" name=\"first-name\" \/><\/span><br \/>\n<\/label>\n\t\t<\/p>\n\t<\/div>\n\t<div class=\"cf-2-cols\">\n\t\t<p><label> Nachname*<br \/>\n<span class=\"wpcf7-form-control-wrap\" data-name=\"last-name\"><input size=\"40\" maxlength=\"400\" class=\"wpcf7-form-control wpcf7-text wpcf7-validates-as-required\" aria-required=\"true\" aria-invalid=\"false\" value=\"\" type=\"text\" name=\"last-name\" \/><\/span><br \/>\n<\/label>\n\t\t<\/p>\n\t<\/div>\n<\/div>\n<div class=\"cf-various-cols\">\n\t<div class=\"cf-2-cols\">\n\t\t<p><label> Geburtstag*<br \/>\n<span class=\"wpcf7-form-control-wrap\" data-name=\"birthday\"><input class=\"wpcf7-form-control wpcf7-date wpcf7-validates-as-required wpcf7-validates-as-date\" aria-required=\"true\" aria-invalid=\"false\" value=\"\" type=\"date\" name=\"birthday\" \/><\/span><br \/>\n<\/label>\n\t\t<\/p>\n\t<\/div>\n\t<div class=\"cf-2-cols\">\n\t\t<p><label> E-Mail*<br \/>\n<span class=\"wpcf7-form-control-wrap\" data-name=\"your-email\"><input size=\"40\" maxlength=\"400\" class=\"wpcf7-form-control wpcf7-email wpcf7-validates-as-required wpcf7-text wpcf7-validates-as-email\" aria-required=\"true\" aria-invalid=\"false\" value=\"\" type=\"email\" name=\"your-email\" \/><\/span><br \/>\n<\/label>\n\t\t<\/p>\n\t<\/div>\n<\/div>\n<div class=\"cf-various-cols\">\n\t<div class=\"cf-2-cols\">\n\t\t<p><label> Telefon*<br \/>\n<span class=\"wpcf7-form-control-wrap\" data-name=\"tel\"><input size=\"40\" maxlength=\"400\" class=\"wpcf7-form-control wpcf7-tel wpcf7-validates-as-required wpcf7-text wpcf7-validates-as-tel\" aria-required=\"true\" aria-invalid=\"false\" value=\"\" type=\"tel\" name=\"tel\" \/><\/span><br \/>\n<\/label>\n\t\t<\/p>\n\t<\/div>\n\t<div class=\"cf-2-cols\">\n\t\t<p><label> Stra\u00dfe*<br \/>\n<span class=\"wpcf7-form-control-wrap\" data-name=\"street\"><input size=\"40\" maxlength=\"400\" class=\"wpcf7-form-control wpcf7-text wpcf7-validates-as-required\" aria-required=\"true\" aria-invalid=\"false\" value=\"\" type=\"text\" name=\"street\" \/><\/span><br \/>\n<\/label>\n\t\t<\/p>\n\t<\/div>\n<\/div>\n<div class=\"cf-various-cols\">\n\t<div class=\"cf-2-cols\">\n\t\t<p><label> PLZ*<br \/>\n<span class=\"wpcf7-form-control-wrap\" data-name=\"plz\"><input size=\"40\" maxlength=\"400\" class=\"wpcf7-form-control wpcf7-text wpcf7-validates-as-required\" aria-required=\"true\" aria-invalid=\"false\" value=\"\" type=\"text\" name=\"plz\" \/><\/span><br \/>\n<\/label>\n\t\t<\/p>\n\t<\/div>\n\t<div class=\"cf-2-cols\">\n\t\t<p><label> Ort*<br \/>\n<span class=\"wpcf7-form-control-wrap\" data-name=\"town\"><input size=\"40\" maxlength=\"400\" class=\"wpcf7-form-control wpcf7-text wpcf7-validates-as-required\" aria-required=\"true\" aria-invalid=\"false\" value=\"\" type=\"text\" name=\"town\" \/><\/span><br \/>\n<\/label>\n\t\t<\/p>\n\t<\/div>\n<\/div>\n<p><label> Zahlungsart*<br \/>\n<span class=\"wpcf7-form-control-wrap\" data-name=\"paymentmethods\"><select class=\"wpcf7-form-control wpcf7-select wpcf7-validates-as-required\" aria-required=\"true\" aria-invalid=\"false\" name=\"paymentmethods\"><option value=\"\">&#8211; Bitte ausw\u00e4hlen &#8211;<\/option><option value=\"Bankeinzug\">Bankeinzug<\/option><option value=\"Zahlschein\">Zahlschein<\/option><\/select><\/span><br \/>\n<\/label>\n<\/p>\n<div data-id=\"payment\" data-orig_data_id=\"payment\"  class=\"\" data-class=\"wpcf7cf_group\">\n\t<div>\n\t\t<div class=\"e5-cf-row\">\n\t\t\t<div class=\"e5-cf-element\">\n\t\t\t\t<p><label> Kontoinhaber*in*<br \/>\n<span class=\"wpcf7-form-control-wrap\" data-name=\"depositor\"><input size=\"40\" maxlength=\"400\" class=\"wpcf7-form-control wpcf7-text wpcf7-validates-as-required\" aria-required=\"true\" aria-invalid=\"false\" value=\"\" type=\"text\" name=\"depositor\" \/><\/span><br \/>\n<\/label>\n\t\t\t\t<\/p>\n\t\t\t<\/div>\n\t\t\t<div class=\"e5-cf-element\">\n\t\t\t\t<p><label> IBAN*<br \/>\n<span class=\"wpcf7-form-control-wrap\" data-name=\"iban\"><input size=\"40\" maxlength=\"400\" class=\"wpcf7-form-control wpcf7-text wpcf7-validates-as-required\" aria-required=\"true\" aria-invalid=\"false\" value=\"\" type=\"text\" name=\"iban\" \/><\/span><br \/>\n<\/label>\n\t\t\t\t<\/p>\n\t\t\t<\/div>\n\t\t<\/div>\n\t\t<div>\n\t\t\t<div>\n\t\t\t\t<p><label> Bankinstitut*<br \/>\n<span class=\"wpcf7-form-control-wrap\" data-name=\"bank\"><input size=\"40\" maxlength=\"400\" class=\"wpcf7-form-control wpcf7-text wpcf7-validates-as-required\" aria-required=\"true\" aria-invalid=\"false\" value=\"\" type=\"text\" name=\"bank\" \/><\/span><br \/>\n<\/label>\n\t\t\t\t<\/p>\n\t\t\t<\/div>\n\t\t<\/div>\n\t<\/div>\n<\/div>\n<div class=\"contact-form-flex\" style=\"margin-bottom: 1em;\">\n\t<p><span class=\"wpcf7-form-control-wrap\" data-name=\"datenschutz\"><span class=\"wpcf7-form-control wpcf7-acceptance\"><span class=\"wpcf7-list-item\"><input type=\"checkbox\" name=\"datenschutz\" value=\"1\" id=\"datenschutz\" aria-invalid=\"false\" \/><\/span><\/span><\/span><label for=\"datenschutz\">Ich akzeptiere die <a href=\"\/agb\"> AGB <\/a> und die <a href=\"\/datenschutz\"> Datenschutzerkl\u00e4rung <\/a> der Volkshilfe Ober\u00f6sterreich, sowie die Hinweise zur Websiteanalyse.<\/label>\n\t<\/p>\n<\/div>\n<div style=\"margin-bottom: 1em;\">\n\t<p>Diese Webseite wird durch das Google reCAPTCHA gesch\u00fctzt. Bitte beachten Sie die <a href=\"https:\/\/policies.google.com\/privacy\" target=\"_blank\" > Datenschutzbestimmungen<\/a> sowie die <a href=\"https:\/\/policies.google.com\/terms\" target=\"_blank\" >Nutzungsbedingungen<\/a> von Google.\n\t<\/p>\n<\/div>\n<p><input class=\"wpcf7-form-control wpcf7-submit has-spinner button\" type=\"submit\" value=\"Mitglied werden\" \/>\n<\/p><div class=\"wpcf7-response-output\" aria-hidden=\"true\"><\/div>\n<\/form>\n<\/div>\n\n\n\n\t\t<\/div>\n\t\t\t\t\t<\/div>\n\n\t\n\n<\/div>\n\n\t\t<\/div>\n\n\t\t\n<style>\n#section_1030664180 {\n  padding-top: 0px;\n  padding-bottom: 0px;\n}\n<\/style>\n\t<\/section>\n\t\n\n","protected":false},"excerpt":{"rendered":"<p>Mitglied werden Wir ver\u00e4ndern &#8211; wir bewegen &#8211; wir sind daDie Volkshilfe ist seit \u00fcber&#8230;<\/p>\n","protected":false},"author":4,"featured_media":5897,"parent":7093,"menu_order":0,"comment_status":"closed","ping_status":"closed","template":"page-blank.php","meta":{"_acf_changed":false,"footnotes":""},"class_list":["post-26624","page","type-page","status-publish","has-post-thumbnail","hentry"],"acf":[],"yoast_head":"<!-- This site is optimized with the Yoast SEO plugin v26.5 - https:\/\/yoast.com\/wordpress\/plugins\/seo\/ -->\n<title>Become a member - Volkshilfe O\u00d6<\/title>\n<meta name=\"description\" content=\"Are you motivated to change the world? Then become part of the Volkshilfe team now and support us in various areas.\" \/>\n<meta name=\"robots\" content=\"index, follow, max-snippet:-1, max-image-preview:large, max-video-preview:-1\" \/>\n<link rel=\"canonical\" href=\"https:\/\/www.volkshilfe-ooe.at\/en\/jobs-volunteering\/become-a-member-2\/\" \/>\n<meta property=\"og:locale\" content=\"en_US\" \/>\n<meta property=\"og:type\" content=\"article\" \/>\n<meta property=\"og:title\" content=\"Become a member - Volkshilfe O\u00d6\" \/>\n<meta property=\"og:description\" content=\"Are you motivated to change the world? Then become part of the Volkshilfe team now and support us in various areas.\" \/>\n<meta property=\"og:url\" content=\"https:\/\/www.volkshilfe-ooe.at\/en\/jobs-volunteering\/become-a-member-2\/\" \/>\n<meta property=\"og:site_name\" content=\"Volkshilfe O\u00d6\" \/>\n<meta property=\"og:image\" content=\"https:\/\/www.volkshilfe-ooe.at\/wp-content\/uploads\/2023\/12\/vhooe_mitgliedschaft-2.jpg\" \/>\n\t<meta property=\"og:image:width\" content=\"2549\" \/>\n\t<meta property=\"og:image:height\" content=\"1699\" \/>\n\t<meta property=\"og:image:type\" content=\"image\/jpeg\" \/>\n<meta name=\"twitter:card\" content=\"summary_large_image\" \/>\n<meta name=\"twitter:label1\" content=\"Est. reading time\" \/>\n\t<meta name=\"twitter:data1\" content=\"1 minute\" \/>\n<script type=\"application\/ld+json\" class=\"yoast-schema-graph\">{\"@context\":\"https:\/\/schema.org\",\"@graph\":[{\"@type\":\"WebPage\",\"@id\":\"https:\/\/www.volkshilfe-ooe.at\/en\/jobs-volunteering\/become-a-member-2\/\",\"url\":\"https:\/\/www.volkshilfe-ooe.at\/en\/jobs-volunteering\/become-a-member-2\/\",\"name\":\"Become a member - Volkshilfe O\u00d6\",\"isPartOf\":{\"@id\":\"https:\/\/www.volkshilfe-ooe.at\/en\/#website\"},\"primaryImageOfPage\":{\"@id\":\"https:\/\/www.volkshilfe-ooe.at\/en\/jobs-volunteering\/become-a-member-2\/#primaryimage\"},\"image\":{\"@id\":\"https:\/\/www.volkshilfe-ooe.at\/en\/jobs-volunteering\/become-a-member-2\/#primaryimage\"},\"thumbnailUrl\":\"https:\/\/www.volkshilfe-ooe.at\/wp-content\/uploads\/2023\/12\/vhooe_mitgliedschaft-2.jpg\",\"datePublished\":\"2025-05-21T09:31:53+00:00\",\"description\":\"Are you motivated to change the world? Then become part of the Volkshilfe team now and support us in various areas.\",\"breadcrumb\":{\"@id\":\"https:\/\/www.volkshilfe-ooe.at\/en\/jobs-volunteering\/become-a-member-2\/#breadcrumb\"},\"inLanguage\":\"en-US\",\"potentialAction\":[{\"@type\":\"ReadAction\",\"target\":[\"https:\/\/www.volkshilfe-ooe.at\/en\/jobs-volunteering\/become-a-member-2\/\"]}]},{\"@type\":\"ImageObject\",\"inLanguage\":\"en-US\",\"@id\":\"https:\/\/www.volkshilfe-ooe.at\/en\/jobs-volunteering\/become-a-member-2\/#primaryimage\",\"url\":\"https:\/\/www.volkshilfe-ooe.at\/wp-content\/uploads\/2023\/12\/vhooe_mitgliedschaft-2.jpg\",\"contentUrl\":\"https:\/\/www.volkshilfe-ooe.at\/wp-content\/uploads\/2023\/12\/vhooe_mitgliedschaft-2.jpg\",\"width\":2549,\"height\":1699,\"caption\":\"Symbolbild Mitgliedschaft\"},{\"@type\":\"BreadcrumbList\",\"@id\":\"https:\/\/www.volkshilfe-ooe.at\/en\/jobs-volunteering\/become-a-member-2\/#breadcrumb\",\"itemListElement\":[{\"@type\":\"ListItem\",\"position\":1,\"name\":\"Startseite\",\"item\":\"https:\/\/www.volkshilfe-ooe.at\/en\/\"},{\"@type\":\"ListItem\",\"position\":2,\"name\":\"Jobs &amp; Volunteering\",\"item\":\"https:\/\/www.volkshilfe-ooe.at\/en\/jobs-volunteering\/\"},{\"@type\":\"ListItem\",\"position\":3,\"name\":\"Become a member\"}]},{\"@type\":\"WebSite\",\"@id\":\"https:\/\/www.volkshilfe-ooe.at\/en\/#website\",\"url\":\"https:\/\/www.volkshilfe-ooe.at\/en\/\",\"name\":\"Volkshilfe O\u00d6\",\"description\":\"\",\"publisher\":{\"@id\":\"https:\/\/www.volkshilfe-ooe.at\/en\/#organization\"},\"potentialAction\":[{\"@type\":\"SearchAction\",\"target\":{\"@type\":\"EntryPoint\",\"urlTemplate\":\"https:\/\/www.volkshilfe-ooe.at\/en\/?s={search_term_string}\"},\"query-input\":{\"@type\":\"PropertyValueSpecification\",\"valueRequired\":true,\"valueName\":\"search_term_string\"}}],\"inLanguage\":\"en-US\"},{\"@type\":\"Organization\",\"@id\":\"https:\/\/www.volkshilfe-ooe.at\/en\/#organization\",\"name\":\"Volkshilfe O\u00d6\",\"url\":\"https:\/\/www.volkshilfe-ooe.at\/en\/\",\"logo\":{\"@type\":\"ImageObject\",\"inLanguage\":\"en-US\",\"@id\":\"https:\/\/www.volkshilfe-ooe.at\/en\/#\/schema\/logo\/image\/\",\"url\":\"https:\/\/www.volkshilfe-ooe.at\/wp-content\/uploads\/2023\/11\/VH_Logo_oberoesterreich.svg\",\"contentUrl\":\"https:\/\/www.volkshilfe-ooe.at\/wp-content\/uploads\/2023\/11\/VH_Logo_oberoesterreich.svg\",\"width\":1,\"height\":1,\"caption\":\"Volkshilfe O\u00d6\"},\"image\":{\"@id\":\"https:\/\/www.volkshilfe-ooe.at\/en\/#\/schema\/logo\/image\/\"}}]}<\/script>\n<!-- \/ Yoast SEO plugin. -->","yoast_head_json":{"title":"Become a member - Volkshilfe O\u00d6","description":"Are you motivated to change the world? Then become part of the Volkshilfe team now and support us in various areas.","robots":{"index":"index","follow":"follow","max-snippet":"max-snippet:-1","max-image-preview":"max-image-preview:large","max-video-preview":"max-video-preview:-1"},"canonical":"https:\/\/www.volkshilfe-ooe.at\/en\/jobs-volunteering\/become-a-member-2\/","og_locale":"en_US","og_type":"article","og_title":"Become a member - Volkshilfe O\u00d6","og_description":"Are you motivated to change the world? Then become part of the Volkshilfe team now and support us in various areas.","og_url":"https:\/\/www.volkshilfe-ooe.at\/en\/jobs-volunteering\/become-a-member-2\/","og_site_name":"Volkshilfe O\u00d6","og_image":[{"width":2549,"height":1699,"url":"https:\/\/www.volkshilfe-ooe.at\/wp-content\/uploads\/2023\/12\/vhooe_mitgliedschaft-2.jpg","type":"image\/jpeg"}],"twitter_card":"summary_large_image","twitter_misc":{"Est. reading time":"1 minute"},"schema":{"@context":"https:\/\/schema.org","@graph":[{"@type":"WebPage","@id":"https:\/\/www.volkshilfe-ooe.at\/en\/jobs-volunteering\/become-a-member-2\/","url":"https:\/\/www.volkshilfe-ooe.at\/en\/jobs-volunteering\/become-a-member-2\/","name":"Become a member - Volkshilfe O\u00d6","isPartOf":{"@id":"https:\/\/www.volkshilfe-ooe.at\/en\/#website"},"primaryImageOfPage":{"@id":"https:\/\/www.volkshilfe-ooe.at\/en\/jobs-volunteering\/become-a-member-2\/#primaryimage"},"image":{"@id":"https:\/\/www.volkshilfe-ooe.at\/en\/jobs-volunteering\/become-a-member-2\/#primaryimage"},"thumbnailUrl":"https:\/\/www.volkshilfe-ooe.at\/wp-content\/uploads\/2023\/12\/vhooe_mitgliedschaft-2.jpg","datePublished":"2025-05-21T09:31:53+00:00","description":"Are you motivated to change the world? Then become part of the Volkshilfe team now and support us in various areas.","breadcrumb":{"@id":"https:\/\/www.volkshilfe-ooe.at\/en\/jobs-volunteering\/become-a-member-2\/#breadcrumb"},"inLanguage":"en-US","potentialAction":[{"@type":"ReadAction","target":["https:\/\/www.volkshilfe-ooe.at\/en\/jobs-volunteering\/become-a-member-2\/"]}]},{"@type":"ImageObject","inLanguage":"en-US","@id":"https:\/\/www.volkshilfe-ooe.at\/en\/jobs-volunteering\/become-a-member-2\/#primaryimage","url":"https:\/\/www.volkshilfe-ooe.at\/wp-content\/uploads\/2023\/12\/vhooe_mitgliedschaft-2.jpg","contentUrl":"https:\/\/www.volkshilfe-ooe.at\/wp-content\/uploads\/2023\/12\/vhooe_mitgliedschaft-2.jpg","width":2549,"height":1699,"caption":"Symbolbild Mitgliedschaft"},{"@type":"BreadcrumbList","@id":"https:\/\/www.volkshilfe-ooe.at\/en\/jobs-volunteering\/become-a-member-2\/#breadcrumb","itemListElement":[{"@type":"ListItem","position":1,"name":"Startseite","item":"https:\/\/www.volkshilfe-ooe.at\/en\/"},{"@type":"ListItem","position":2,"name":"Jobs &amp; Volunteering","item":"https:\/\/www.volkshilfe-ooe.at\/en\/jobs-volunteering\/"},{"@type":"ListItem","position":3,"name":"Become a member"}]},{"@type":"WebSite","@id":"https:\/\/www.volkshilfe-ooe.at\/en\/#website","url":"https:\/\/www.volkshilfe-ooe.at\/en\/","name":"Volkshilfe O\u00d6","description":"","publisher":{"@id":"https:\/\/www.volkshilfe-ooe.at\/en\/#organization"},"potentialAction":[{"@type":"SearchAction","target":{"@type":"EntryPoint","urlTemplate":"https:\/\/www.volkshilfe-ooe.at\/en\/?s={search_term_string}"},"query-input":{"@type":"PropertyValueSpecification","valueRequired":true,"valueName":"search_term_string"}}],"inLanguage":"en-US"},{"@type":"Organization","@id":"https:\/\/www.volkshilfe-ooe.at\/en\/#organization","name":"Volkshilfe O\u00d6","url":"https:\/\/www.volkshilfe-ooe.at\/en\/","logo":{"@type":"ImageObject","inLanguage":"en-US","@id":"https:\/\/www.volkshilfe-ooe.at\/en\/#\/schema\/logo\/image\/","url":"https:\/\/www.volkshilfe-ooe.at\/wp-content\/uploads\/2023\/11\/VH_Logo_oberoesterreich.svg","contentUrl":"https:\/\/www.volkshilfe-ooe.at\/wp-content\/uploads\/2023\/11\/VH_Logo_oberoesterreich.svg","width":1,"height":1,"caption":"Volkshilfe O\u00d6"},"image":{"@id":"https:\/\/www.volkshilfe-ooe.at\/en\/#\/schema\/logo\/image\/"}}]}},"_links":{"self":[{"href":"https:\/\/www.volkshilfe-ooe.at\/en\/wp-json\/wp\/v2\/pages\/26624","targetHints":{"allow":["GET"]}}],"collection":[{"href":"https:\/\/www.volkshilfe-ooe.at\/en\/wp-json\/wp\/v2\/pages"}],"about":[{"href":"https:\/\/www.volkshilfe-ooe.at\/en\/wp-json\/wp\/v2\/types\/page"}],"author":[{"embeddable":true,"href":"https:\/\/www.volkshilfe-ooe.at\/en\/wp-json\/wp\/v2\/users\/4"}],"replies":[{"embeddable":true,"href":"https:\/\/www.volkshilfe-ooe.at\/en\/wp-json\/wp\/v2\/comments?post=26624"}],"version-history":[{"count":1,"href":"https:\/\/www.volkshilfe-ooe.at\/en\/wp-json\/wp\/v2\/pages\/26624\/revisions"}],"predecessor-version":[{"id":26625,"href":"https:\/\/www.volkshilfe-ooe.at\/en\/wp-json\/wp\/v2\/pages\/26624\/revisions\/26625"}],"up":[{"embeddable":true,"href":"https:\/\/www.volkshilfe-ooe.at\/en\/wp-json\/wp\/v2\/pages\/7093"}],"wp:featuredmedia":[{"embeddable":true,"href":"https:\/\/www.volkshilfe-ooe.at\/en\/wp-json\/wp\/v2\/media\/5897"}],"wp:attachment":[{"href":"https:\/\/www.volkshilfe-ooe.at\/en\/wp-json\/wp\/v2\/media?parent=26624"}],"curies":[{"name":"wp","href":"https:\/\/api.w.org\/{rel}","templated":true}]}}