{"id":48328,"date":"2025-10-09T11:11:48","date_gmt":"2025-10-09T09:11:48","guid":{"rendered":"https:\/\/www.volkshilfe-ooe.at\/?page_id=48328"},"modified":"2025-10-09T11:11:48","modified_gmt":"2025-10-09T09:11:48","slug":"donate-now-abolish-child-poverty-2","status":"publish","type":"page","link":"https:\/\/www.volkshilfe-ooe.at\/en\/donate\/donate-now-abolish-child-poverty-2\/","title":{"rendered":"Donate now: Abolish child poverty"},"content":{"rendered":"\n\n\t<section class=\"section\" id=\"section_413383245\">\n\t\t<div class=\"section-bg fill\" >\n\t\t\t\t\t\t\t\t\t\n\t\t\t\n\n\t\t<\/div>\n\n\t\t\n\n\t\t<div class=\"section-content relative\">\n\t\t\t\n\n<div class=\"row\"  id=\"row-866024860\">\n\n\n\t<div id=\"col-2006332088\" class=\"col small-12 large-12\"  >\n\t\t\t\t<div class=\"col-inner\"  >\n\t\t\t\n\t\t\t\n\n<h1>Kinderarmut abschaffen<\/h1>\n<p>Armut hat viele Gesichter \u2013 alle haben gravierende Auswirkungen auf die sozialen Teilhabe-\u00a0 und Entwicklungschancen unserer Kinder. Umso erschreckender die aktuellen Zahlen der Volkshilfe \u00d6sterreich: Rund 35.000 Kinder in Ober\u00f6sterreich sind akut von Armut bedroht.<\/p>\n<p data-pos=\"487\">Die Fonds der Volkshilfe im Bereich Kinderarmut \u2013 &#8220;kinder.gesundheit.sichern&#8221;, &#8220;lernen.m\u00f6glich.machen&#8221; und &#8220;mit.chancen.wachsen&#8221; \u2013 unterst\u00fctzen gezielt Kinder und Jugendliche aus armutsbetroffenen Familien. Je nach Alter der Kinder werden notwendige Ausgaben \u00fcbernommen,etwa f\u00fcr Schulmaterialien zum Schulstart, Lernunterst\u00fctzung, Mobilit\u00e4tskosten wie das Jugendnetzticket O\u00d6, Brillen, Therapien oder wichtige Anschaffungen f\u00fcr Babys wie Kleidung, Windeln, Kinderbett oder Kinderwagen.<\/p>\n<p data-pos=\"487\">Zudem erm\u00f6glichen die Fonds die Teilnahme an Vereinsaktivit\u00e4ten und au\u00dferschulischen Kursen, damit Kinder in den Bereichen Bildung, Gesundheit und sozialer Teilhabe gest\u00e4rkt werden. In akuten Notsituationen unterst\u00fctzen wir Familien auch beim Kauf von Lebensmitteln oder bei den Kosten f\u00fcr warme Mahlzeiten ihrer Kinder in Nachmittagsbetreuungseinrichtungen.<\/p>\n<p data-pos=\"1330\">Jede Spende schenkt Kindern damit Teilhabe, Sicherheit und Zukunftsperspektiven \u2013 und tr\u00e4gt dazu bei, dass kein Kind aufgrund von Armut benachteiligt aufwachsen muss.<\/p>\n<h3>Machen wir die Welt f\u00fcr unsere Kinder gemeinsam ein St\u00fcck weit besser. Danke f\u00fcr deine Spende.<\/h3>\n<p>Weitere Infos zu Kinderarmut, unseren Fonds und der Petition f\u00fcr eine Kindergrundsicherung:\u00a0<a href=\"https:\/\/www.kinderarmut-abschaffen.at\/petition\/\" target=\"_blank\" rel=\"noopener\">www.kinderarmut-abschaffen.at\/petition\/<\/a><\/p>\n<p data-pos=\"1330\">\u00a0<\/p>\n<p data-pos=\"1498\">\u00a0<\/p>\n\n\t\t<\/div>\n\t\t\t\t\t<\/div>\n\n\t\n\n<\/div>\n\n\t\t<\/div>\n\n\t\t\n<style>\n#section_413383245 {\n  padding-top: 30px;\n  padding-bottom: 30px;\n}\n<\/style>\n\t<\/section>\n\t\n\n\t<section class=\"section\" id=\"section_109134123\">\n\t\t<div class=\"section-bg fill\" >\n\t\t\t\t\t\t\t\t\t\n\t\t\t\n\n\t\t<\/div>\n\n\t\t\n\n\t\t<div class=\"section-content relative\">\n\t\t\t\n\n<div class=\"row\"  id=\"row-1177160237\">\n\n\n\t<div id=\"col-505248159\" class=\"col small-12 large-12\"  >\n\t\t\t\t<div class=\"col-inner\"  >\n\t\t\t\n\t\t\t\n\n\n\n<div id=\"fbIframeDiv\" style=\"position: relative;\"><\/div><script type=\"text\/javascript\" src=\"https:\/\/secure.fundraisingbox.com\/app\/paymentJS?hash=lah6ci0wa3oww1qq\"><\/script><noscript>Bitte Javascript aktivieren<\/noscript><a target=\"_blank\" href=\"https:\/\/www.fundraisingbox.com\" rel=\"noopener\"><img decoding=\"async\" border=\"0\" style=\"border: 0 !important\" src=\"https:\/\/secure.fundraisingbox.com\/images\/FundraisingBox-Logo-Widget.png\" alt=\"FundraisingBox Logo\" \/><\/a>\n\n\n\t\t<\/div>\n\t\t\t\t\t<\/div>\n\n\t\n\n<\/div>\n\n\t\t<\/div>\n\n\t\t\n<style>\n#section_109134123 {\n  padding-top: 30px;\n  padding-bottom: 30px;\n}\n<\/style>\n\t<\/section>\n\t\n\n","protected":false},"excerpt":{"rendered":"<p>Kinderarmut abschaffen Armut hat viele Gesichter \u2013 alle haben gravierende Auswirkungen auf die sozialen Teilhabe-\u00a0&#8230;<\/p>\n","protected":false},"author":4,"featured_media":0,"parent":7099,"menu_order":0,"comment_status":"closed","ping_status":"closed","template":"page-blank.php","meta":{"_acf_changed":false,"footnotes":""},"class_list":["post-48328","page","type-page","status-publish","hentry"],"acf":[],"yoast_head":"<!-- This site is optimized with the Yoast SEO plugin v26.5 - https:\/\/yoast.com\/wordpress\/plugins\/seo\/ -->\n<title>Donate now: Abolish child poverty - Volkshilfe O\u00d6<\/title>\n<meta name=\"robots\" content=\"index, follow, max-snippet:-1, max-image-preview:large, max-video-preview:-1\" \/>\n<link rel=\"canonical\" href=\"https:\/\/www.volkshilfe-ooe.at\/en\/donate\/donate-now-abolish-child-poverty-2\/\" \/>\n<meta property=\"og:locale\" content=\"en_US\" \/>\n<meta property=\"og:type\" content=\"article\" \/>\n<meta property=\"og:title\" content=\"Donate now: Abolish child poverty - Volkshilfe O\u00d6\" \/>\n<meta property=\"og:description\" content=\"Kinderarmut abschaffen Armut hat viele Gesichter \u2013 alle haben gravierende Auswirkungen auf die sozialen Teilhabe-\u00a0...\" \/>\n<meta property=\"og:url\" content=\"https:\/\/www.volkshilfe-ooe.at\/en\/donate\/donate-now-abolish-child-poverty-2\/\" \/>\n<meta property=\"og:site_name\" content=\"Volkshilfe O\u00d6\" \/>\n<meta property=\"og:image\" content=\"https:\/\/secure.fundraisingbox.com\/images\/FundraisingBox-Logo-Widget.png\" \/>\n<meta name=\"twitter:card\" content=\"summary_large_image\" \/>\n<meta name=\"twitter:label1\" content=\"Est. reading time\" \/>\n\t<meta name=\"twitter:data1\" content=\"1 minute\" \/>\n<script type=\"application\/ld+json\" class=\"yoast-schema-graph\">{\"@context\":\"https:\/\/schema.org\",\"@graph\":[{\"@type\":\"WebPage\",\"@id\":\"https:\/\/www.volkshilfe-ooe.at\/en\/donate\/donate-now-abolish-child-poverty-2\/\",\"url\":\"https:\/\/www.volkshilfe-ooe.at\/en\/donate\/donate-now-abolish-child-poverty-2\/\",\"name\":\"Donate now: Abolish child poverty - Volkshilfe O\u00d6\",\"isPartOf\":{\"@id\":\"https:\/\/www.volkshilfe-ooe.at\/en\/#website\"},\"primaryImageOfPage\":{\"@id\":\"https:\/\/www.volkshilfe-ooe.at\/en\/donate\/donate-now-abolish-child-poverty-2\/#primaryimage\"},\"image\":{\"@id\":\"https:\/\/www.volkshilfe-ooe.at\/en\/donate\/donate-now-abolish-child-poverty-2\/#primaryimage\"},\"thumbnailUrl\":\"https:\/\/secure.fundraisingbox.com\/images\/FundraisingBox-Logo-Widget.png\",\"datePublished\":\"2025-10-09T09:11:48+00:00\",\"breadcrumb\":{\"@id\":\"https:\/\/www.volkshilfe-ooe.at\/en\/donate\/donate-now-abolish-child-poverty-2\/#breadcrumb\"},\"inLanguage\":\"en-US\",\"potentialAction\":[{\"@type\":\"ReadAction\",\"target\":[\"https:\/\/www.volkshilfe-ooe.at\/en\/donate\/donate-now-abolish-child-poverty-2\/\"]}]},{\"@type\":\"ImageObject\",\"inLanguage\":\"en-US\",\"@id\":\"https:\/\/www.volkshilfe-ooe.at\/en\/donate\/donate-now-abolish-child-poverty-2\/#primaryimage\",\"url\":\"https:\/\/secure.fundraisingbox.com\/images\/FundraisingBox-Logo-Widget.png\",\"contentUrl\":\"https:\/\/secure.fundraisingbox.com\/images\/FundraisingBox-Logo-Widget.png\"},{\"@type\":\"BreadcrumbList\",\"@id\":\"https:\/\/www.volkshilfe-ooe.at\/en\/donate\/donate-now-abolish-child-poverty-2\/#breadcrumb\",\"itemListElement\":[{\"@type\":\"ListItem\",\"position\":1,\"name\":\"Startseite\",\"item\":\"https:\/\/www.volkshilfe-ooe.at\/en\/\"},{\"@type\":\"ListItem\",\"position\":2,\"name\":\"Donate\",\"item\":\"https:\/\/www.volkshilfe-ooe.at\/en\/donate\/\"},{\"@type\":\"ListItem\",\"position\":3,\"name\":\"Donate now: Abolish child poverty\"}]},{\"@type\":\"WebSite\",\"@id\":\"https:\/\/www.volkshilfe-ooe.at\/en\/#website\",\"url\":\"https:\/\/www.volkshilfe-ooe.at\/en\/\",\"name\":\"Volkshilfe O\u00d6\",\"description\":\"\",\"publisher\":{\"@id\":\"https:\/\/www.volkshilfe-ooe.at\/en\/#organization\"},\"potentialAction\":[{\"@type\":\"SearchAction\",\"target\":{\"@type\":\"EntryPoint\",\"urlTemplate\":\"https:\/\/www.volkshilfe-ooe.at\/en\/?s={search_term_string}\"},\"query-input\":{\"@type\":\"PropertyValueSpecification\",\"valueRequired\":true,\"valueName\":\"search_term_string\"}}],\"inLanguage\":\"en-US\"},{\"@type\":\"Organization\",\"@id\":\"https:\/\/www.volkshilfe-ooe.at\/en\/#organization\",\"name\":\"Volkshilfe O\u00d6\",\"url\":\"https:\/\/www.volkshilfe-ooe.at\/en\/\",\"logo\":{\"@type\":\"ImageObject\",\"inLanguage\":\"en-US\",\"@id\":\"https:\/\/www.volkshilfe-ooe.at\/en\/#\/schema\/logo\/image\/\",\"url\":\"https:\/\/www.volkshilfe-ooe.at\/wp-content\/uploads\/2023\/11\/VH_Logo_oberoesterreich.svg\",\"contentUrl\":\"https:\/\/www.volkshilfe-ooe.at\/wp-content\/uploads\/2023\/11\/VH_Logo_oberoesterreich.svg\",\"width\":1,\"height\":1,\"caption\":\"Volkshilfe O\u00d6\"},\"image\":{\"@id\":\"https:\/\/www.volkshilfe-ooe.at\/en\/#\/schema\/logo\/image\/\"}}]}<\/script>\n<!-- \/ Yoast SEO plugin. -->","yoast_head_json":{"title":"Donate now: Abolish child poverty - Volkshilfe O\u00d6","robots":{"index":"index","follow":"follow","max-snippet":"max-snippet:-1","max-image-preview":"max-image-preview:large","max-video-preview":"max-video-preview:-1"},"canonical":"https:\/\/www.volkshilfe-ooe.at\/en\/donate\/donate-now-abolish-child-poverty-2\/","og_locale":"en_US","og_type":"article","og_title":"Donate now: Abolish child poverty - Volkshilfe O\u00d6","og_description":"Kinderarmut abschaffen Armut hat viele Gesichter \u2013 alle haben gravierende Auswirkungen auf die sozialen Teilhabe-\u00a0...","og_url":"https:\/\/www.volkshilfe-ooe.at\/en\/donate\/donate-now-abolish-child-poverty-2\/","og_site_name":"Volkshilfe O\u00d6","og_image":[{"url":"https:\/\/secure.fundraisingbox.com\/images\/FundraisingBox-Logo-Widget.png","type":"","width":"","height":""}],"twitter_card":"summary_large_image","twitter_misc":{"Est. reading time":"1 minute"},"schema":{"@context":"https:\/\/schema.org","@graph":[{"@type":"WebPage","@id":"https:\/\/www.volkshilfe-ooe.at\/en\/donate\/donate-now-abolish-child-poverty-2\/","url":"https:\/\/www.volkshilfe-ooe.at\/en\/donate\/donate-now-abolish-child-poverty-2\/","name":"Donate now: Abolish child poverty - Volkshilfe O\u00d6","isPartOf":{"@id":"https:\/\/www.volkshilfe-ooe.at\/en\/#website"},"primaryImageOfPage":{"@id":"https:\/\/www.volkshilfe-ooe.at\/en\/donate\/donate-now-abolish-child-poverty-2\/#primaryimage"},"image":{"@id":"https:\/\/www.volkshilfe-ooe.at\/en\/donate\/donate-now-abolish-child-poverty-2\/#primaryimage"},"thumbnailUrl":"https:\/\/secure.fundraisingbox.com\/images\/FundraisingBox-Logo-Widget.png","datePublished":"2025-10-09T09:11:48+00:00","breadcrumb":{"@id":"https:\/\/www.volkshilfe-ooe.at\/en\/donate\/donate-now-abolish-child-poverty-2\/#breadcrumb"},"inLanguage":"en-US","potentialAction":[{"@type":"ReadAction","target":["https:\/\/www.volkshilfe-ooe.at\/en\/donate\/donate-now-abolish-child-poverty-2\/"]}]},{"@type":"ImageObject","inLanguage":"en-US","@id":"https:\/\/www.volkshilfe-ooe.at\/en\/donate\/donate-now-abolish-child-poverty-2\/#primaryimage","url":"https:\/\/secure.fundraisingbox.com\/images\/FundraisingBox-Logo-Widget.png","contentUrl":"https:\/\/secure.fundraisingbox.com\/images\/FundraisingBox-Logo-Widget.png"},{"@type":"BreadcrumbList","@id":"https:\/\/www.volkshilfe-ooe.at\/en\/donate\/donate-now-abolish-child-poverty-2\/#breadcrumb","itemListElement":[{"@type":"ListItem","position":1,"name":"Startseite","item":"https:\/\/www.volkshilfe-ooe.at\/en\/"},{"@type":"ListItem","position":2,"name":"Donate","item":"https:\/\/www.volkshilfe-ooe.at\/en\/donate\/"},{"@type":"ListItem","position":3,"name":"Donate now: Abolish child poverty"}]},{"@type":"WebSite","@id":"https:\/\/www.volkshilfe-ooe.at\/en\/#website","url":"https:\/\/www.volkshilfe-ooe.at\/en\/","name":"Volkshilfe O\u00d6","description":"","publisher":{"@id":"https:\/\/www.volkshilfe-ooe.at\/en\/#organization"},"potentialAction":[{"@type":"SearchAction","target":{"@type":"EntryPoint","urlTemplate":"https:\/\/www.volkshilfe-ooe.at\/en\/?s={search_term_string}"},"query-input":{"@type":"PropertyValueSpecification","valueRequired":true,"valueName":"search_term_string"}}],"inLanguage":"en-US"},{"@type":"Organization","@id":"https:\/\/www.volkshilfe-ooe.at\/en\/#organization","name":"Volkshilfe O\u00d6","url":"https:\/\/www.volkshilfe-ooe.at\/en\/","logo":{"@type":"ImageObject","inLanguage":"en-US","@id":"https:\/\/www.volkshilfe-ooe.at\/en\/#\/schema\/logo\/image\/","url":"https:\/\/www.volkshilfe-ooe.at\/wp-content\/uploads\/2023\/11\/VH_Logo_oberoesterreich.svg","contentUrl":"https:\/\/www.volkshilfe-ooe.at\/wp-content\/uploads\/2023\/11\/VH_Logo_oberoesterreich.svg","width":1,"height":1,"caption":"Volkshilfe O\u00d6"},"image":{"@id":"https:\/\/www.volkshilfe-ooe.at\/en\/#\/schema\/logo\/image\/"}}]}},"_links":{"self":[{"href":"https:\/\/www.volkshilfe-ooe.at\/en\/wp-json\/wp\/v2\/pages\/48328","targetHints":{"allow":["GET"]}}],"collection":[{"href":"https:\/\/www.volkshilfe-ooe.at\/en\/wp-json\/wp\/v2\/pages"}],"about":[{"href":"https:\/\/www.volkshilfe-ooe.at\/en\/wp-json\/wp\/v2\/types\/page"}],"author":[{"embeddable":true,"href":"https:\/\/www.volkshilfe-ooe.at\/en\/wp-json\/wp\/v2\/users\/4"}],"replies":[{"embeddable":true,"href":"https:\/\/www.volkshilfe-ooe.at\/en\/wp-json\/wp\/v2\/comments?post=48328"}],"version-history":[{"count":1,"href":"https:\/\/www.volkshilfe-ooe.at\/en\/wp-json\/wp\/v2\/pages\/48328\/revisions"}],"predecessor-version":[{"id":48329,"href":"https:\/\/www.volkshilfe-ooe.at\/en\/wp-json\/wp\/v2\/pages\/48328\/revisions\/48329"}],"up":[{"embeddable":true,"href":"https:\/\/www.volkshilfe-ooe.at\/en\/wp-json\/wp\/v2\/pages\/7099"}],"wp:attachment":[{"href":"https:\/\/www.volkshilfe-ooe.at\/en\/wp-json\/wp\/v2\/media?parent=48328"}],"curies":[{"name":"wp","href":"https:\/\/api.w.org\/{rel}","templated":true}]}}