{"id":7078,"date":"2023-12-20T16:25:19","date_gmt":"2023-12-20T15:25:19","guid":{"rendered":"https:\/\/volkshilfe-ooe.dev-web.at\/what-we-do\/"},"modified":"2025-01-07T08:44:50","modified_gmt":"2025-01-07T07:44:50","slug":"what-we-do","status":"publish","type":"page","link":"https:\/\/www.volkshilfe-ooe.at\/en\/what-we-do\/","title":{"rendered":"What we do"},"content":{"rendered":"\n\n\t<section class=\"section bottom-space text-img-cols\" id=\"section_1652104728\">\n\t\t<div class=\"section-bg fill\" >\n\t\t\t\t\t\t\t\t\t\n\t\t\t\n\n\t\t<\/div>\n\n\t\t\n\n\t\t<div class=\"section-content relative\">\n\t\t\t\n\n<div class=\"row row-collapse align-middle\"  id=\"row-371657255\">\n\n\n\t<div id=\"col-1788717866\" class=\"col left-col medium-12 small-12 large-6\"  >\n\t\t\t\t<div class=\"col-inner\"  >\n\t\t\t\n\t\t\t\n\n<h1>Was wir tun<\/h1>\n<p>Die Volkshilfe in Ober\u00f6sterreich steht nicht nur f\u00fcr menschliche Vielfalt, auch unsere Angebote gehen von Betreuung und Pflege, \u00fcber Beratung und Therapie bishin zur Unterst\u00fctzung am Arbeitsmarkt und noch vieles mehr.<\/p>\n<a href=\"\/was-wir-tun\/unsere-angebote\/\" class=\"button primary\" >\n\t\t<span>Alle Angebote<\/span>\n\t<\/a>\n\n\n\n\t\t<\/div>\n\t\t\t\t\t<\/div>\n\n\t\n\n\t<div id=\"col-1135160897\" class=\"col right-col medium-12 small-12 large-6\"  >\n\t\t\t\t<div class=\"col-inner\"  >\n\t\t\t\n\t\t\t\n\n\t<div class=\"img has-hover x md-x lg-x y md-y lg-y\" id=\"image_1749703771\">\n\t\t\t\t\t\t\t\t<div class=\"img-inner image-cover dark\" style=\"padding-top:67%;\">\n\t\t\t<img decoding=\"async\" width=\"1946\" height=\"1050\" src=\"https:\/\/www.volkshilfe-ooe.at\/wp-content\/uploads\/2023\/12\/VH_was-wir-tun.jpg\" class=\"attachment-original size-original\" alt=\"null\" srcset=\"https:\/\/www.volkshilfe-ooe.at\/wp-content\/uploads\/2023\/12\/VH_was-wir-tun.jpg 1946w, https:\/\/www.volkshilfe-ooe.at\/wp-content\/uploads\/2023\/12\/VH_was-wir-tun-741x400.jpg 741w, https:\/\/www.volkshilfe-ooe.at\/wp-content\/uploads\/2023\/12\/VH_was-wir-tun-1400x755.jpg 1400w, https:\/\/www.volkshilfe-ooe.at\/wp-content\/uploads\/2023\/12\/VH_was-wir-tun-768x414.jpg 768w, https:\/\/www.volkshilfe-ooe.at\/wp-content\/uploads\/2023\/12\/VH_was-wir-tun-1536x829.jpg 1536w\" sizes=\"(max-width: 1946px) 100vw, 1946px\" \/>\t\t\t\t\t\t\n\t\t\t\t\t<\/div>\n\t\t\t\t\t\t\t\t\n<style>\n#image_1749703771 {\n  width: 100%;\n}\n<\/style>\n\t<\/div>\n\t\n\n\n\t\t<\/div>\n\t\t\t\t\t<\/div>\n\n\t\n\n<\/div>\n\n\t\t<\/div>\n\n\t\t\n<style>\n#section_1652104728 {\n  padding-top: 0px;\n  padding-bottom: 0px;\n}\n<\/style>\n\t<\/section>\n\t\n\n\t<section class=\"section bottom-space vh-iconboxes vh-3-cols\" id=\"section_1795550232\">\n\t\t<div class=\"section-bg fill\" >\n\t\t\t\t\t\t\t\t\t\n\t\t\t\n\n\t\t<\/div>\n\n\t\t\n\n\t\t<div class=\"section-content relative\">\n\t\t\t\n\n<div class=\"row align-center\"  id=\"row-102041613\">\n\n\n\t<div id=\"col-234576577\" class=\"col medium-6 small-12 large-4\"  >\n\t\t\t\t<div class=\"col-inner text-center box-shadow-2\"  >\n\t\t\t\n\t\t\t\n\n\t<div class=\"img has-hover x md-x lg-x y md-y lg-y\" id=\"image_894095804\">\n\t\t\t\t\t\t\t\t<div class=\"img-inner image-cover dark\" style=\"padding-top:100%;\">\n\t\t\t<img decoding=\"async\" src=\"https:\/\/www.volkshilfe-ooe.at\/wp-content\/uploads\/2023\/11\/VH-icons-Unterstuetzung-Arbeitssuche.svg\" class=\"attachment-original size-original\" alt=\"null\" \/>\t\t\t\t\t\t\n\t\t\t\t\t<\/div>\n\t\t\t\t\t\t\t\t\n<style>\n#image_894095804 {\n  width: 15%;\n}\n<\/style>\n\t<\/div>\n\t\n\n<h4>Arbeit &amp; Integration<\/h4>\n<p>Wir unterst\u00fctzen Menschen mit unseren Expertisen und Erfahrungen um erfolgreich am Arbeitsmarkt zu bestehen.<\/p>\n<a href=\"\/was-wir-tun\/arbeit-integration\/\" class=\"button primary\" style=\"border-radius:10px;\">\n\t\t<span>Arbeit &amp; Integration<\/span>\n\t<\/a>\n\n\n\n\t\t<\/div>\n\t\t\t\t\n<style>\n#col-234576577 > .col-inner {\n  padding: 20px 20px 25px 20px;\n}\n@media (min-width:550px) {\n  #col-234576577 > .col-inner {\n    padding: 35px 35px 40px 35px;\n  }\n}\n<\/style>\n\t<\/div>\n\n\t\n\n\t<div id=\"col-1441890776\" class=\"col medium-6 small-12 large-4\"  >\n\t\t\t\t<div class=\"col-inner text-center box-shadow-2\"  >\n\t\t\t\n\t\t\t\n\n\t<div class=\"img has-hover x md-x lg-x y md-y lg-y\" id=\"image_767851074\">\n\t\t\t\t\t\t\t\t<div class=\"img-inner image-cover dark\" style=\"padding-top:100%;\">\n\t\t\t<img decoding=\"async\" src=\"https:\/\/www.volkshilfe-ooe.at\/wp-content\/uploads\/2023\/11\/VH-icons-Pflege-Betreuung.svg\" class=\"attachment-original size-original\" alt=\"null\" \/>\t\t\t\t\t\t\n\t\t\t\t\t<\/div>\n\t\t\t\t\t\t\t\t\n<style>\n#image_767851074 {\n  width: 15%;\n}\n<\/style>\n\t<\/div>\n\t\n\n<h4>Pflege &amp; Betreuung<\/h4>\n<p class=\"has-text-align-center\">Wir unterst\u00fctzen \u00e4ltere und kranke Menschen im t\u00e4glichen Leben<\/p>\n<a href=\"\/was-wir-tun\/pflege-betreuung\/\" class=\"button primary\" style=\"border-radius:10px;\">\n\t\t<span>Pflege &amp; Betreuung<\/span>\n\t<\/a>\n\n\n\n\t\t<\/div>\n\t\t\t\t\n<style>\n#col-1441890776 > .col-inner {\n  padding: 20px 20px 25px 20px;\n}\n@media (min-width:550px) {\n  #col-1441890776 > .col-inner {\n    padding: 35px 35px 40px 35px;\n  }\n}\n<\/style>\n\t<\/div>\n\n\t\n\n\t<div id=\"col-354328367\" class=\"col medium-6 small-12 large-4\"  >\n\t\t\t\t<div class=\"col-inner text-center box-shadow-2\"  >\n\t\t\t\n\t\t\t\n\n\t<div class=\"img has-hover x md-x lg-x y md-y lg-y\" id=\"image_634062442\">\n\t\t\t\t\t\t\t\t<div class=\"img-inner image-cover dark\" style=\"padding-top:100%;\">\n\t\t\t<img decoding=\"async\" src=\"https:\/\/www.volkshilfe-ooe.at\/wp-content\/uploads\/2023\/11\/VH-icons-Betreuung-B.svg\" class=\"attachment-original size-original\" alt=\"null\" \/>\t\t\t\t\t\t\n\t\t\t\t\t<\/div>\n\t\t\t\t\t\t\t\t\n<style>\n#image_634062442 {\n  width: 15%;\n}\n<\/style>\n\t<\/div>\n\t\n\n<h4>Menschen mit Beeintr\u00e4chtigung<\/h4>\n<p>Wir unterst\u00fctzen Menschen mit Beeintr\u00e4chtigung im t\u00e4glichen Leben, bei der Arbeit oder im Urlaub<\/p>\n<a href=\"\/menschen-mit-beeintraechtigung\/\" class=\"button primary\" style=\"border-radius:10px;\">\n\t\t<span>Barrierefreies Leben<\/span>\n\t<\/a>\n\n\n\n\t\t<\/div>\n\t\t\t\t\n<style>\n#col-354328367 > .col-inner {\n  padding: 20px 20px 25px 20px;\n}\n@media (min-width:550px) {\n  #col-354328367 > .col-inner {\n    padding: 35px 35px 40px 35px;\n  }\n}\n<\/style>\n\t<\/div>\n\n\t\n\n\t<div id=\"col-346896148\" class=\"col medium-6 small-12 large-4\"  >\n\t\t\t\t<div class=\"col-inner text-center box-shadow-2\"  >\n\t\t\t\n\t\t\t\n\n\t<div class=\"img has-hover x md-x lg-x y md-y lg-y\" id=\"image_564114119\">\n\t\t\t\t\t\t\t\t<div class=\"img-inner image-cover dark\" style=\"padding-top:100%;\">\n\t\t\t<img decoding=\"async\" src=\"https:\/\/www.volkshilfe-ooe.at\/wp-content\/uploads\/2023\/11\/VH-icons-Flucht-Migration.svg\" class=\"attachment-original size-original\" alt=\"null\" \/>\t\t\t\t\t\t\n\t\t\t\t\t<\/div>\n\t\t\t\t\t\t\t\t\n<style>\n#image_564114119 {\n  width: 15%;\n}\n<\/style>\n\t<\/div>\n\t\n\n<h4>Fl\u00fcchtlinge &amp; Migrant*innen<\/h4>\n<p>Wir unterst\u00fctzen Menschen, die gefl\u00fcchtet sind, oder bereits in \u00d6sterreich leben bei der Integration<\/p>\n<a href=\"\/was-wir-tun\/fluechtlinge-migrantinnen\/\" class=\"button primary\" style=\"border-radius:10px;\">\n\t\t<span>Fl\u00fcchtlinge &amp; Migrant*innen<\/span>\n\t<\/a>\n\n\n\n\t\t<\/div>\n\t\t\t\t\n<style>\n#col-346896148 > .col-inner {\n  padding: 20px 20px 25px 20px;\n}\n@media (min-width:550px) {\n  #col-346896148 > .col-inner {\n    padding: 35px 35px 40px 35px;\n  }\n}\n<\/style>\n\t<\/div>\n\n\t\n\n\t<div id=\"col-111438483\" class=\"col medium-6 small-12 large-4\"  >\n\t\t\t\t<div class=\"col-inner text-center box-shadow-2\"  >\n\t\t\t\n\t\t\t\n\n\t<div class=\"img has-hover x md-x lg-x y md-y lg-y\" id=\"image_202260225\">\n\t\t\t\t\t\t\t\t<div class=\"img-inner image-cover dark\" style=\"padding-top:100%;\">\n\t\t\t<img decoding=\"async\" src=\"https:\/\/www.volkshilfe-ooe.at\/wp-content\/uploads\/2023\/11\/VH-icons-Zivilgesellschaft.svg\" class=\"attachment-original size-original\" alt=\"null\" \/>\t\t\t\t\t\t\n\t\t\t\t\t<\/div>\n\t\t\t\t\t\t\t\t\n<style>\n#image_202260225 {\n  width: 15%;\n}\n<\/style>\n\t<\/div>\n\t\n\n<h4>Sozialpolitik &amp; Zivilgesellschaft<\/h4>\n<p>Wir unterst\u00fctzen armutsbetroffene Menschen und setzen uns gegen Diskriminierung ein<\/p>\n<a href=\"\/sozialpolitik-zivilgesellschaft\/\" class=\"button primary\" style=\"border-radius:10px;\">\n\t\t<span>Sozialpolitik &amp; Zivilgesellschaft<\/span>\n\t<\/a>\n\n\n\n\t\t<\/div>\n\t\t\t\t\n<style>\n#col-111438483 > .col-inner {\n  padding: 20px 20px 25px 20px;\n}\n@media (min-width:550px) {\n  #col-111438483 > .col-inner {\n    padding: 35px 35px 40px 35px;\n  }\n}\n<\/style>\n\t<\/div>\n\n\t\n\n<\/div>\n\n\t\t<\/div>\n\n\t\t\n<style>\n#section_1795550232 {\n  padding-top: 0px;\n  padding-bottom: 0px;\n}\n<\/style>\n\t<\/section>\n\t\n\n","protected":false},"excerpt":{"rendered":"<p>Was wir tun Die Volkshilfe in Ober\u00f6sterreich steht nicht nur f\u00fcr menschliche Vielfalt, auch unsere&#8230;<\/p>\n","protected":false},"author":4,"featured_media":6939,"parent":0,"menu_order":0,"comment_status":"closed","ping_status":"closed","template":"page-blank.php","meta":{"_acf_changed":false,"footnotes":""},"class_list":["post-7078","page","type-page","status-publish","has-post-thumbnail","hentry"],"acf":[],"yoast_head":"<!-- This site is optimized with the Yoast SEO plugin v26.5 - https:\/\/yoast.com\/wordpress\/plugins\/seo\/ -->\n<title>Volkshilfe O\u00d6 Services: Care, advice and help in all life situations<\/title>\n<meta name=\"description\" content=\"Our services range from support and care, advice and therapy to support in the job market and much more.\" \/>\n<meta name=\"robots\" content=\"index, follow, max-snippet:-1, max-image-preview:large, max-video-preview:-1\" \/>\n<link rel=\"canonical\" href=\"https:\/\/www.volkshilfe-ooe.at\/en\/what-we-do\/\" \/>\n<meta property=\"og:locale\" content=\"en_US\" \/>\n<meta property=\"og:type\" content=\"article\" \/>\n<meta property=\"og:title\" content=\"Volkshilfe O\u00d6 Services: Care, advice and help in all life situations\" \/>\n<meta property=\"og:description\" content=\"Our services range from support and care, advice and therapy to support in the job market and much more.\" \/>\n<meta property=\"og:url\" content=\"https:\/\/www.volkshilfe-ooe.at\/en\/what-we-do\/\" \/>\n<meta property=\"og:site_name\" content=\"Volkshilfe O\u00d6\" \/>\n<meta property=\"article:modified_time\" content=\"2025-01-07T07:44:50+00:00\" \/>\n<meta property=\"og:image\" content=\"https:\/\/www.volkshilfe-ooe.at\/wp-content\/uploads\/2023\/12\/VH_was-wir-tun.jpg\" \/>\n\t<meta property=\"og:image:width\" content=\"1946\" \/>\n\t<meta property=\"og:image:height\" content=\"1050\" \/>\n\t<meta property=\"og:image:type\" content=\"image\/jpeg\" \/>\n<meta name=\"twitter:card\" content=\"summary_large_image\" \/>\n<meta name=\"twitter:label1\" content=\"Est. reading time\" \/>\n\t<meta name=\"twitter:data1\" content=\"2 minutes\" \/>\n<script type=\"application\/ld+json\" class=\"yoast-schema-graph\">{\"@context\":\"https:\/\/schema.org\",\"@graph\":[{\"@type\":\"WebPage\",\"@id\":\"https:\/\/www.volkshilfe-ooe.at\/en\/what-we-do\/\",\"url\":\"https:\/\/www.volkshilfe-ooe.at\/en\/what-we-do\/\",\"name\":\"Volkshilfe O\u00d6 Services: Care, advice and help in all life situations\",\"isPartOf\":{\"@id\":\"https:\/\/www.volkshilfe-ooe.at\/en\/#website\"},\"primaryImageOfPage\":{\"@id\":\"https:\/\/www.volkshilfe-ooe.at\/en\/what-we-do\/#primaryimage\"},\"image\":{\"@id\":\"https:\/\/www.volkshilfe-ooe.at\/en\/what-we-do\/#primaryimage\"},\"thumbnailUrl\":\"https:\/\/www.volkshilfe-ooe.at\/wp-content\/uploads\/2023\/12\/VH_was-wir-tun.jpg\",\"datePublished\":\"2023-12-20T15:25:19+00:00\",\"dateModified\":\"2025-01-07T07:44:50+00:00\",\"description\":\"Our services range from support and care, advice and therapy to support in the job market and much more.\",\"breadcrumb\":{\"@id\":\"https:\/\/www.volkshilfe-ooe.at\/en\/what-we-do\/#breadcrumb\"},\"inLanguage\":\"en-US\",\"potentialAction\":[{\"@type\":\"ReadAction\",\"target\":[\"https:\/\/www.volkshilfe-ooe.at\/en\/what-we-do\/\"]}]},{\"@type\":\"ImageObject\",\"inLanguage\":\"en-US\",\"@id\":\"https:\/\/www.volkshilfe-ooe.at\/en\/what-we-do\/#primaryimage\",\"url\":\"https:\/\/www.volkshilfe-ooe.at\/wp-content\/uploads\/2023\/12\/VH_was-wir-tun.jpg\",\"contentUrl\":\"https:\/\/www.volkshilfe-ooe.at\/wp-content\/uploads\/2023\/12\/VH_was-wir-tun.jpg\",\"width\":1946,\"height\":1050,\"caption\":\"Symbolbild Was-wir-tun\"},{\"@type\":\"BreadcrumbList\",\"@id\":\"https:\/\/www.volkshilfe-ooe.at\/en\/what-we-do\/#breadcrumb\",\"itemListElement\":[{\"@type\":\"ListItem\",\"position\":1,\"name\":\"Startseite\",\"item\":\"https:\/\/www.volkshilfe-ooe.at\/en\/\"},{\"@type\":\"ListItem\",\"position\":2,\"name\":\"What we do\"}]},{\"@type\":\"WebSite\",\"@id\":\"https:\/\/www.volkshilfe-ooe.at\/en\/#website\",\"url\":\"https:\/\/www.volkshilfe-ooe.at\/en\/\",\"name\":\"Volkshilfe O\u00d6\",\"description\":\"\",\"publisher\":{\"@id\":\"https:\/\/www.volkshilfe-ooe.at\/en\/#organization\"},\"potentialAction\":[{\"@type\":\"SearchAction\",\"target\":{\"@type\":\"EntryPoint\",\"urlTemplate\":\"https:\/\/www.volkshilfe-ooe.at\/en\/?s={search_term_string}\"},\"query-input\":{\"@type\":\"PropertyValueSpecification\",\"valueRequired\":true,\"valueName\":\"search_term_string\"}}],\"inLanguage\":\"en-US\"},{\"@type\":\"Organization\",\"@id\":\"https:\/\/www.volkshilfe-ooe.at\/en\/#organization\",\"name\":\"Volkshilfe O\u00d6\",\"url\":\"https:\/\/www.volkshilfe-ooe.at\/en\/\",\"logo\":{\"@type\":\"ImageObject\",\"inLanguage\":\"en-US\",\"@id\":\"https:\/\/www.volkshilfe-ooe.at\/en\/#\/schema\/logo\/image\/\",\"url\":\"https:\/\/www.volkshilfe-ooe.at\/wp-content\/uploads\/2023\/11\/VH_Logo_oberoesterreich.svg\",\"contentUrl\":\"https:\/\/www.volkshilfe-ooe.at\/wp-content\/uploads\/2023\/11\/VH_Logo_oberoesterreich.svg\",\"width\":1,\"height\":1,\"caption\":\"Volkshilfe O\u00d6\"},\"image\":{\"@id\":\"https:\/\/www.volkshilfe-ooe.at\/en\/#\/schema\/logo\/image\/\"}}]}<\/script>\n<!-- \/ Yoast SEO plugin. -->","yoast_head_json":{"title":"Volkshilfe O\u00d6 Services: Care, advice and help in all life situations","description":"Our services range from support and care, advice and therapy to support in the job market and much more.","robots":{"index":"index","follow":"follow","max-snippet":"max-snippet:-1","max-image-preview":"max-image-preview:large","max-video-preview":"max-video-preview:-1"},"canonical":"https:\/\/www.volkshilfe-ooe.at\/en\/what-we-do\/","og_locale":"en_US","og_type":"article","og_title":"Volkshilfe O\u00d6 Services: Care, advice and help in all life situations","og_description":"Our services range from support and care, advice and therapy to support in the job market and much more.","og_url":"https:\/\/www.volkshilfe-ooe.at\/en\/what-we-do\/","og_site_name":"Volkshilfe O\u00d6","article_modified_time":"2025-01-07T07:44:50+00:00","og_image":[{"width":1946,"height":1050,"url":"https:\/\/www.volkshilfe-ooe.at\/wp-content\/uploads\/2023\/12\/VH_was-wir-tun.jpg","type":"image\/jpeg"}],"twitter_card":"summary_large_image","twitter_misc":{"Est. reading time":"2 minutes"},"schema":{"@context":"https:\/\/schema.org","@graph":[{"@type":"WebPage","@id":"https:\/\/www.volkshilfe-ooe.at\/en\/what-we-do\/","url":"https:\/\/www.volkshilfe-ooe.at\/en\/what-we-do\/","name":"Volkshilfe O\u00d6 Services: Care, advice and help in all life situations","isPartOf":{"@id":"https:\/\/www.volkshilfe-ooe.at\/en\/#website"},"primaryImageOfPage":{"@id":"https:\/\/www.volkshilfe-ooe.at\/en\/what-we-do\/#primaryimage"},"image":{"@id":"https:\/\/www.volkshilfe-ooe.at\/en\/what-we-do\/#primaryimage"},"thumbnailUrl":"https:\/\/www.volkshilfe-ooe.at\/wp-content\/uploads\/2023\/12\/VH_was-wir-tun.jpg","datePublished":"2023-12-20T15:25:19+00:00","dateModified":"2025-01-07T07:44:50+00:00","description":"Our services range from support and care, advice and therapy to support in the job market and much more.","breadcrumb":{"@id":"https:\/\/www.volkshilfe-ooe.at\/en\/what-we-do\/#breadcrumb"},"inLanguage":"en-US","potentialAction":[{"@type":"ReadAction","target":["https:\/\/www.volkshilfe-ooe.at\/en\/what-we-do\/"]}]},{"@type":"ImageObject","inLanguage":"en-US","@id":"https:\/\/www.volkshilfe-ooe.at\/en\/what-we-do\/#primaryimage","url":"https:\/\/www.volkshilfe-ooe.at\/wp-content\/uploads\/2023\/12\/VH_was-wir-tun.jpg","contentUrl":"https:\/\/www.volkshilfe-ooe.at\/wp-content\/uploads\/2023\/12\/VH_was-wir-tun.jpg","width":1946,"height":1050,"caption":"Symbolbild Was-wir-tun"},{"@type":"BreadcrumbList","@id":"https:\/\/www.volkshilfe-ooe.at\/en\/what-we-do\/#breadcrumb","itemListElement":[{"@type":"ListItem","position":1,"name":"Startseite","item":"https:\/\/www.volkshilfe-ooe.at\/en\/"},{"@type":"ListItem","position":2,"name":"What we do"}]},{"@type":"WebSite","@id":"https:\/\/www.volkshilfe-ooe.at\/en\/#website","url":"https:\/\/www.volkshilfe-ooe.at\/en\/","name":"Volkshilfe O\u00d6","description":"","publisher":{"@id":"https:\/\/www.volkshilfe-ooe.at\/en\/#organization"},"potentialAction":[{"@type":"SearchAction","target":{"@type":"EntryPoint","urlTemplate":"https:\/\/www.volkshilfe-ooe.at\/en\/?s={search_term_string}"},"query-input":{"@type":"PropertyValueSpecification","valueRequired":true,"valueName":"search_term_string"}}],"inLanguage":"en-US"},{"@type":"Organization","@id":"https:\/\/www.volkshilfe-ooe.at\/en\/#organization","name":"Volkshilfe O\u00d6","url":"https:\/\/www.volkshilfe-ooe.at\/en\/","logo":{"@type":"ImageObject","inLanguage":"en-US","@id":"https:\/\/www.volkshilfe-ooe.at\/en\/#\/schema\/logo\/image\/","url":"https:\/\/www.volkshilfe-ooe.at\/wp-content\/uploads\/2023\/11\/VH_Logo_oberoesterreich.svg","contentUrl":"https:\/\/www.volkshilfe-ooe.at\/wp-content\/uploads\/2023\/11\/VH_Logo_oberoesterreich.svg","width":1,"height":1,"caption":"Volkshilfe O\u00d6"},"image":{"@id":"https:\/\/www.volkshilfe-ooe.at\/en\/#\/schema\/logo\/image\/"}}]}},"_links":{"self":[{"href":"https:\/\/www.volkshilfe-ooe.at\/en\/wp-json\/wp\/v2\/pages\/7078","targetHints":{"allow":["GET"]}}],"collection":[{"href":"https:\/\/www.volkshilfe-ooe.at\/en\/wp-json\/wp\/v2\/pages"}],"about":[{"href":"https:\/\/www.volkshilfe-ooe.at\/en\/wp-json\/wp\/v2\/types\/page"}],"author":[{"embeddable":true,"href":"https:\/\/www.volkshilfe-ooe.at\/en\/wp-json\/wp\/v2\/users\/4"}],"replies":[{"embeddable":true,"href":"https:\/\/www.volkshilfe-ooe.at\/en\/wp-json\/wp\/v2\/comments?post=7078"}],"version-history":[{"count":11,"href":"https:\/\/www.volkshilfe-ooe.at\/en\/wp-json\/wp\/v2\/pages\/7078\/revisions"}],"predecessor-version":[{"id":20147,"href":"https:\/\/www.volkshilfe-ooe.at\/en\/wp-json\/wp\/v2\/pages\/7078\/revisions\/20147"}],"wp:featuredmedia":[{"embeddable":true,"href":"https:\/\/www.volkshilfe-ooe.at\/en\/wp-json\/wp\/v2\/media\/6939"}],"wp:attachment":[{"href":"https:\/\/www.volkshilfe-ooe.at\/en\/wp-json\/wp\/v2\/media?parent=7078"}],"curies":[{"name":"wp","href":"https:\/\/api.w.org\/{rel}","templated":true}]}}