{"id":8553,"date":"2023-11-07T13:09:28","date_gmt":"2023-11-07T12:09:28","guid":{"rendered":"https:\/\/www.volkshilfe-ooe.at\/shops\/kreislerin\/"},"modified":"2024-06-13T14:01:28","modified_gmt":"2024-06-13T12:01:28","slug":"kreislerin","status":"publish","type":"page","link":"https:\/\/www.volkshilfe-ooe.at\/en\/shops\/kreislerin\/","title":{"rendered":"Kreisler*in"},"content":{"rendered":"\n\n\t<section class=\"section bottom-space text-img-cols\" id=\"section_921257818\">\n\t\t<div class=\"section-bg fill\" >\n\t\t\t\t\t\t\t\t\t\n\t\t\t\n\n\t\t<\/div>\n\n\t\t\n\n\t\t<div class=\"section-content relative\">\n\t\t\t\n\n<div class=\"row row-collapse align-middle\"  id=\"row-1133029757\">\n\n\n\t<div id=\"col-508115250\" class=\"col left-col medium-12 small-12 large-6\"  >\n\t\t\t\t<div class=\"col-inner\"  >\n\t\t\t\n\t\t\t\n\n<h1>Kreisler*in &#8211; Das Volkshilfe ReVital Caf\u00e9<\/h1>\n<p class=\"has-text-align-center\" style=\"text-align: left;\">Regionaler Kaffee, Kuchen von der Oma, Vintagem\u00f6bel zum Mitnehmen und ein Ort zum Verweilen f\u00fcr Jung und Alt \u2013 das und vieles mehr erwartet dich im Vintage Caf\u00e9 der Volkshilfe.<\/p>\n\n\t\t<\/div>\n\t\t\t\t\t<\/div>\n\n\t\n\n\t<div id=\"col-616203124\" class=\"col right-col medium-12 small-12 large-6\"  >\n\t\t\t\t<div class=\"col-inner\"  >\n\t\t\t\n\t\t\t\n\n\t<div class=\"img has-hover x md-x lg-x y md-y lg-y\" id=\"image_199483772\">\n\t\t\t\t\t\t\t\t<div class=\"img-inner image-cover dark\" style=\"padding-top:67%;\">\n\t\t\t<img decoding=\"async\" width=\"1125\" height=\"750\" src=\"https:\/\/www.volkshilfe-ooe.at\/wp-content\/uploads\/2023\/12\/Shops_Kreislerin_Sylvia-Bauer.jpg\" class=\"attachment-original size-original\" alt=\"null\" srcset=\"https:\/\/www.volkshilfe-ooe.at\/wp-content\/uploads\/2023\/12\/Shops_Kreislerin_Sylvia-Bauer.jpg 1125w, https:\/\/www.volkshilfe-ooe.at\/wp-content\/uploads\/2023\/12\/Shops_Kreislerin_Sylvia-Bauer-600x400.jpg 600w, https:\/\/www.volkshilfe-ooe.at\/wp-content\/uploads\/2023\/12\/Shops_Kreislerin_Sylvia-Bauer-768x512.jpg 768w\" sizes=\"(max-width: 1125px) 100vw, 1125px\" \/>\t\t\t\t\t\t\n\t\t\t\t\t<\/div>\n\t\t\t\t\t\t\t\t\n<style>\n#image_199483772 {\n  width: 100%;\n}\n<\/style>\n\t<\/div>\n\t\n\n\n\t\t<\/div>\n\t\t\t\t\t<\/div>\n\n\t\n\n<\/div>\n\n\t\t<\/div>\n\n\t\t\n<style>\n#section_921257818 {\n  padding-top: 0px;\n  padding-bottom: 0px;\n}\n<\/style>\n\t<\/section>\n\t\n\n\t<section class=\"section simple-text\" id=\"section_584100311\">\n\t\t<div class=\"section-bg fill\" >\n\t\t\t\t\t\t\t\t\t\n\t\t\t\n\n\t\t<\/div>\n\n\t\t\n\n\t\t<div class=\"section-content relative\">\n\t\t\t\n\n<div class=\"row align-center\"  id=\"row-47480455\">\n\n\n\t<div id=\"col-222638347\" class=\"col medium-8 small-12 large-8\"  >\n\t\t\t\t<div class=\"col-inner\"  >\n\t\t\t\n\t\t\t\n\n<h4 style=\"text-align: center;\">Caf\u00e9 &amp; Vintage Shop<\/h4>\n<p class=\"has-text-align-center\">In der Kreisler*in vermischen wir Vintage-Shop mit gem\u00fctlichem Caf\u00e9: die M\u00f6bel, auf denen du sitzt, sowie Teile unseres wundersch\u00f6nen Geschirrs stehen zum Verkauf. Und nat\u00fcrlich auch alles an B\u00fcchern, Spielen, Platten und was du sonst noch siehst!<\/p>\n<h4 style=\"text-align: center;\">Repair Caf\u00e9s<\/h4>\n<p class=\"has-text-align-center\">Einmal im Monat findet unser Repair Caf\u00e9 statt, wo unsere Freiwilligen dir helfen, alte Elektroger\u00e4te zu reparieren oder l\u00f6chrige Kleidung wieder aufzuwerten.<\/p>\n<p>\u00a0<\/p>\n<p class=\"has-text-align-center\">Nebenbei kannst du ganz gem\u00fctlich Kaffee und Kuchen von der Oma schlemmen, ein herzhaftes Weckerl verdr\u00fccken und obendrauf gibt es jede Menge G\u2019schichten f\u00fcr zwischendurch.<\/p>\n\n\t\t<\/div>\n\t\t\t\t\t<\/div>\n\n\t\n\n<\/div>\n\n\t\t<\/div>\n\n\t\t\n<style>\n#section_584100311 {\n  padding-top: 0px;\n  padding-bottom: 0px;\n}\n<\/style>\n\t<\/section>\n\t\n\t<div id=\"gap-428139862\" class=\"gap-element clearfix\" style=\"display:block; height:auto;\">\n\t\t\n<style>\n#gap-428139862 {\n  padding-top: 100px;\n}\n<\/style>\n\t<\/div>\n\t\n\n\n\t<section class=\"section bottom-space vh-iconboxes vh-3-cols\" id=\"section_1413257354\">\n\t\t<div class=\"section-bg fill\" >\n\t\t\t\t\t\t\t\t\t\n\t\t\t\n\n\t\t<\/div>\n\n\t\t\n\n\t\t<div class=\"section-content relative\">\n\t\t\t\n\n<div class=\"row align-center\"  id=\"row-1102006361\">\n\n\n\t<div id=\"col-1312760814\" class=\"col medium-6 small-12 large-4\"  >\n\t\t\t\t<div class=\"col-inner text-center box-shadow-2\"  >\n\t\t\t\n\t\t\t\n\n<h4>Kreisler*in Linz<\/h4>\n<p>Unser Vintage Caf\u00e9 in der Linzer Tabaktrafik<\/p>\n<a href=\"http:\/\/www.kreislerin.at\/kreislerin-linz\/\" target=\"_blank\" class=\"button primary\" rel=\"noopener\" style=\"border-radius:10px;\">\n\t\t<span>Zur Kreisler*in Linz<\/span>\n\t<\/a>\n\n\n\n\t\t<\/div>\n\t\t\t\t\n<style>\n#col-1312760814 > .col-inner {\n  padding: 20px 20px 25px 20px;\n}\n@media (min-width:550px) {\n  #col-1312760814 > .col-inner {\n    padding: 35px 35px 40px 35px;\n  }\n}\n<\/style>\n\t<\/div>\n\n\t\n\n\n\t<div id=\"col-1325233342\" class=\"col medium-6 small-12 large-4\"  >\n\t\t\t\t<div class=\"col-inner text-center box-shadow-2\"  >\n\t\t\t\n\t\t\t\n\n<h4>Catering<\/h4>\n<p>Catering Service f\u00fcr Veranstaltungen<\/p>\n<a href=\"http:\/\/www.kreislerin.at\/catering\/\" target=\"_blank\" class=\"button primary\" rel=\"noopener\" style=\"border-radius:10px;\">\n\t\t<span>Zum Catering<\/span>\n\t<\/a>\n\n\n\n\t\t<\/div>\n\t\t\t\t\n<style>\n#col-1325233342 > .col-inner {\n  padding: 20px 20px 25px 20px;\n}\n@media (min-width:550px) {\n  #col-1325233342 > .col-inner {\n    padding: 35px 35px 40px 35px;\n  }\n}\n<\/style>\n\t<\/div>\n\n\t\n\n<\/div>\n\n\t\t<\/div>\n\n\t\t\n<style>\n#section_1413257354 {\n  padding-top: 0px;\n  padding-bottom: 0px;\n}\n<\/style>\n\t<\/section>\n\t\n\n","protected":false},"excerpt":{"rendered":"<p>Kreisler*in &#8211; Das Volkshilfe ReVital Caf\u00e9 Regionaler Kaffee, Kuchen von der Oma, Vintagem\u00f6bel zum Mitnehmen&#8230;<\/p>\n","protected":false},"author":1,"featured_media":6167,"parent":7086,"menu_order":0,"comment_status":"closed","ping_status":"closed","template":"page-blank.php","meta":{"_acf_changed":false,"footnotes":""},"class_list":["post-8553","page","type-page","status-publish","has-post-thumbnail","hentry"],"acf":[],"yoast_head":"<!-- This site is optimized with the Yoast SEO plugin v26.5 - https:\/\/yoast.com\/wordpress\/plugins\/seo\/ -->\n<title>Kreisler*in the Volkshilfe Revital Caf\u00e9 &amp; Vintage Shop - Volkshilfe O\u00d6<\/title>\n<meta name=\"description\" content=\"At Kreisler*in, we mix a vintage store with a caf\u00e9: the furniture you sit on and some of our tableware are for sale.\" \/>\n<meta name=\"robots\" content=\"index, follow, max-snippet:-1, max-image-preview:large, max-video-preview:-1\" \/>\n<link rel=\"canonical\" href=\"https:\/\/www.volkshilfe-ooe.at\/en\/shops\/kreislerin\/\" \/>\n<meta property=\"og:locale\" content=\"en_US\" \/>\n<meta property=\"og:type\" content=\"article\" \/>\n<meta property=\"og:title\" content=\"Kreisler*in the Volkshilfe Revital Caf\u00e9 &amp; Vintage Shop - Volkshilfe O\u00d6\" \/>\n<meta property=\"og:description\" content=\"At Kreisler*in, we mix a vintage store with a caf\u00e9: the furniture you sit on and some of our tableware are for sale.\" \/>\n<meta property=\"og:url\" content=\"https:\/\/www.volkshilfe-ooe.at\/en\/shops\/kreislerin\/\" \/>\n<meta property=\"og:site_name\" content=\"Volkshilfe O\u00d6\" \/>\n<meta property=\"article:modified_time\" content=\"2024-06-13T12:01:28+00:00\" \/>\n<meta property=\"og:image\" content=\"https:\/\/www.volkshilfe-ooe.at\/wp-content\/uploads\/2023\/12\/Shops_Kreislerin_Sylvia-Bauer.jpg\" \/>\n\t<meta property=\"og:image:width\" content=\"1125\" \/>\n\t<meta property=\"og:image:height\" content=\"750\" \/>\n\t<meta property=\"og:image:type\" content=\"image\/jpeg\" \/>\n<meta name=\"twitter:card\" content=\"summary_large_image\" \/>\n<meta name=\"twitter:label1\" content=\"Est. reading time\" \/>\n\t<meta name=\"twitter:data1\" content=\"2 minutes\" \/>\n<script type=\"application\/ld+json\" class=\"yoast-schema-graph\">{\"@context\":\"https:\/\/schema.org\",\"@graph\":[{\"@type\":\"WebPage\",\"@id\":\"https:\/\/www.volkshilfe-ooe.at\/en\/shops\/kreislerin\/\",\"url\":\"https:\/\/www.volkshilfe-ooe.at\/en\/shops\/kreislerin\/\",\"name\":\"Kreisler*in the Volkshilfe Revital Caf\u00e9 & Vintage Shop - Volkshilfe O\u00d6\",\"isPartOf\":{\"@id\":\"https:\/\/www.volkshilfe-ooe.at\/en\/#website\"},\"primaryImageOfPage\":{\"@id\":\"https:\/\/www.volkshilfe-ooe.at\/en\/shops\/kreislerin\/#primaryimage\"},\"image\":{\"@id\":\"https:\/\/www.volkshilfe-ooe.at\/en\/shops\/kreislerin\/#primaryimage\"},\"thumbnailUrl\":\"https:\/\/www.volkshilfe-ooe.at\/wp-content\/uploads\/2023\/12\/Shops_Kreislerin_Sylvia-Bauer.jpg\",\"datePublished\":\"2023-11-07T12:09:28+00:00\",\"dateModified\":\"2024-06-13T12:01:28+00:00\",\"description\":\"At Kreisler*in, we mix a vintage store with a caf\u00e9: the furniture you sit on and some of our tableware are for sale.\",\"breadcrumb\":{\"@id\":\"https:\/\/www.volkshilfe-ooe.at\/en\/shops\/kreislerin\/#breadcrumb\"},\"inLanguage\":\"en-US\",\"potentialAction\":[{\"@type\":\"ReadAction\",\"target\":[\"https:\/\/www.volkshilfe-ooe.at\/en\/shops\/kreislerin\/\"]}]},{\"@type\":\"ImageObject\",\"inLanguage\":\"en-US\",\"@id\":\"https:\/\/www.volkshilfe-ooe.at\/en\/shops\/kreislerin\/#primaryimage\",\"url\":\"https:\/\/www.volkshilfe-ooe.at\/wp-content\/uploads\/2023\/12\/Shops_Kreislerin_Sylvia-Bauer.jpg\",\"contentUrl\":\"https:\/\/www.volkshilfe-ooe.at\/wp-content\/uploads\/2023\/12\/Shops_Kreislerin_Sylvia-Bauer.jpg\",\"width\":1125,\"height\":750,\"caption\":\"Symbolbild Kreisler*in\"},{\"@type\":\"BreadcrumbList\",\"@id\":\"https:\/\/www.volkshilfe-ooe.at\/en\/shops\/kreislerin\/#breadcrumb\",\"itemListElement\":[{\"@type\":\"ListItem\",\"position\":1,\"name\":\"Startseite\",\"item\":\"https:\/\/www.volkshilfe-ooe.at\/en\/\"},{\"@type\":\"ListItem\",\"position\":2,\"name\":\"Shops\",\"item\":\"https:\/\/www.volkshilfe-ooe.at\/en\/shops\/\"},{\"@type\":\"ListItem\",\"position\":3,\"name\":\"Kreisler*in\"}]},{\"@type\":\"WebSite\",\"@id\":\"https:\/\/www.volkshilfe-ooe.at\/en\/#website\",\"url\":\"https:\/\/www.volkshilfe-ooe.at\/en\/\",\"name\":\"Volkshilfe O\u00d6\",\"description\":\"\",\"publisher\":{\"@id\":\"https:\/\/www.volkshilfe-ooe.at\/en\/#organization\"},\"potentialAction\":[{\"@type\":\"SearchAction\",\"target\":{\"@type\":\"EntryPoint\",\"urlTemplate\":\"https:\/\/www.volkshilfe-ooe.at\/en\/?s={search_term_string}\"},\"query-input\":{\"@type\":\"PropertyValueSpecification\",\"valueRequired\":true,\"valueName\":\"search_term_string\"}}],\"inLanguage\":\"en-US\"},{\"@type\":\"Organization\",\"@id\":\"https:\/\/www.volkshilfe-ooe.at\/en\/#organization\",\"name\":\"Volkshilfe O\u00d6\",\"url\":\"https:\/\/www.volkshilfe-ooe.at\/en\/\",\"logo\":{\"@type\":\"ImageObject\",\"inLanguage\":\"en-US\",\"@id\":\"https:\/\/www.volkshilfe-ooe.at\/en\/#\/schema\/logo\/image\/\",\"url\":\"https:\/\/www.volkshilfe-ooe.at\/wp-content\/uploads\/2023\/11\/VH_Logo_oberoesterreich.svg\",\"contentUrl\":\"https:\/\/www.volkshilfe-ooe.at\/wp-content\/uploads\/2023\/11\/VH_Logo_oberoesterreich.svg\",\"width\":1,\"height\":1,\"caption\":\"Volkshilfe O\u00d6\"},\"image\":{\"@id\":\"https:\/\/www.volkshilfe-ooe.at\/en\/#\/schema\/logo\/image\/\"}}]}<\/script>\n<!-- \/ Yoast SEO plugin. -->","yoast_head_json":{"title":"Kreisler*in the Volkshilfe Revital Caf\u00e9 & Vintage Shop - Volkshilfe O\u00d6","description":"At Kreisler*in, we mix a vintage store with a caf\u00e9: the furniture you sit on and some of our tableware are for sale.","robots":{"index":"index","follow":"follow","max-snippet":"max-snippet:-1","max-image-preview":"max-image-preview:large","max-video-preview":"max-video-preview:-1"},"canonical":"https:\/\/www.volkshilfe-ooe.at\/en\/shops\/kreislerin\/","og_locale":"en_US","og_type":"article","og_title":"Kreisler*in the Volkshilfe Revital Caf\u00e9 & Vintage Shop - Volkshilfe O\u00d6","og_description":"At Kreisler*in, we mix a vintage store with a caf\u00e9: the furniture you sit on and some of our tableware are for sale.","og_url":"https:\/\/www.volkshilfe-ooe.at\/en\/shops\/kreislerin\/","og_site_name":"Volkshilfe O\u00d6","article_modified_time":"2024-06-13T12:01:28+00:00","og_image":[{"width":1125,"height":750,"url":"https:\/\/www.volkshilfe-ooe.at\/wp-content\/uploads\/2023\/12\/Shops_Kreislerin_Sylvia-Bauer.jpg","type":"image\/jpeg"}],"twitter_card":"summary_large_image","twitter_misc":{"Est. reading time":"2 minutes"},"schema":{"@context":"https:\/\/schema.org","@graph":[{"@type":"WebPage","@id":"https:\/\/www.volkshilfe-ooe.at\/en\/shops\/kreislerin\/","url":"https:\/\/www.volkshilfe-ooe.at\/en\/shops\/kreislerin\/","name":"Kreisler*in the Volkshilfe Revital Caf\u00e9 & Vintage Shop - Volkshilfe O\u00d6","isPartOf":{"@id":"https:\/\/www.volkshilfe-ooe.at\/en\/#website"},"primaryImageOfPage":{"@id":"https:\/\/www.volkshilfe-ooe.at\/en\/shops\/kreislerin\/#primaryimage"},"image":{"@id":"https:\/\/www.volkshilfe-ooe.at\/en\/shops\/kreislerin\/#primaryimage"},"thumbnailUrl":"https:\/\/www.volkshilfe-ooe.at\/wp-content\/uploads\/2023\/12\/Shops_Kreislerin_Sylvia-Bauer.jpg","datePublished":"2023-11-07T12:09:28+00:00","dateModified":"2024-06-13T12:01:28+00:00","description":"At Kreisler*in, we mix a vintage store with a caf\u00e9: the furniture you sit on and some of our tableware are for sale.","breadcrumb":{"@id":"https:\/\/www.volkshilfe-ooe.at\/en\/shops\/kreislerin\/#breadcrumb"},"inLanguage":"en-US","potentialAction":[{"@type":"ReadAction","target":["https:\/\/www.volkshilfe-ooe.at\/en\/shops\/kreislerin\/"]}]},{"@type":"ImageObject","inLanguage":"en-US","@id":"https:\/\/www.volkshilfe-ooe.at\/en\/shops\/kreislerin\/#primaryimage","url":"https:\/\/www.volkshilfe-ooe.at\/wp-content\/uploads\/2023\/12\/Shops_Kreislerin_Sylvia-Bauer.jpg","contentUrl":"https:\/\/www.volkshilfe-ooe.at\/wp-content\/uploads\/2023\/12\/Shops_Kreislerin_Sylvia-Bauer.jpg","width":1125,"height":750,"caption":"Symbolbild Kreisler*in"},{"@type":"BreadcrumbList","@id":"https:\/\/www.volkshilfe-ooe.at\/en\/shops\/kreislerin\/#breadcrumb","itemListElement":[{"@type":"ListItem","position":1,"name":"Startseite","item":"https:\/\/www.volkshilfe-ooe.at\/en\/"},{"@type":"ListItem","position":2,"name":"Shops","item":"https:\/\/www.volkshilfe-ooe.at\/en\/shops\/"},{"@type":"ListItem","position":3,"name":"Kreisler*in"}]},{"@type":"WebSite","@id":"https:\/\/www.volkshilfe-ooe.at\/en\/#website","url":"https:\/\/www.volkshilfe-ooe.at\/en\/","name":"Volkshilfe O\u00d6","description":"","publisher":{"@id":"https:\/\/www.volkshilfe-ooe.at\/en\/#organization"},"potentialAction":[{"@type":"SearchAction","target":{"@type":"EntryPoint","urlTemplate":"https:\/\/www.volkshilfe-ooe.at\/en\/?s={search_term_string}"},"query-input":{"@type":"PropertyValueSpecification","valueRequired":true,"valueName":"search_term_string"}}],"inLanguage":"en-US"},{"@type":"Organization","@id":"https:\/\/www.volkshilfe-ooe.at\/en\/#organization","name":"Volkshilfe O\u00d6","url":"https:\/\/www.volkshilfe-ooe.at\/en\/","logo":{"@type":"ImageObject","inLanguage":"en-US","@id":"https:\/\/www.volkshilfe-ooe.at\/en\/#\/schema\/logo\/image\/","url":"https:\/\/www.volkshilfe-ooe.at\/wp-content\/uploads\/2023\/11\/VH_Logo_oberoesterreich.svg","contentUrl":"https:\/\/www.volkshilfe-ooe.at\/wp-content\/uploads\/2023\/11\/VH_Logo_oberoesterreich.svg","width":1,"height":1,"caption":"Volkshilfe O\u00d6"},"image":{"@id":"https:\/\/www.volkshilfe-ooe.at\/en\/#\/schema\/logo\/image\/"}}]}},"_links":{"self":[{"href":"https:\/\/www.volkshilfe-ooe.at\/en\/wp-json\/wp\/v2\/pages\/8553","targetHints":{"allow":["GET"]}}],"collection":[{"href":"https:\/\/www.volkshilfe-ooe.at\/en\/wp-json\/wp\/v2\/pages"}],"about":[{"href":"https:\/\/www.volkshilfe-ooe.at\/en\/wp-json\/wp\/v2\/types\/page"}],"author":[{"embeddable":true,"href":"https:\/\/www.volkshilfe-ooe.at\/en\/wp-json\/wp\/v2\/users\/1"}],"replies":[{"embeddable":true,"href":"https:\/\/www.volkshilfe-ooe.at\/en\/wp-json\/wp\/v2\/comments?post=8553"}],"version-history":[{"count":4,"href":"https:\/\/www.volkshilfe-ooe.at\/en\/wp-json\/wp\/v2\/pages\/8553\/revisions"}],"predecessor-version":[{"id":12770,"href":"https:\/\/www.volkshilfe-ooe.at\/en\/wp-json\/wp\/v2\/pages\/8553\/revisions\/12770"}],"up":[{"embeddable":true,"href":"https:\/\/www.volkshilfe-ooe.at\/en\/wp-json\/wp\/v2\/pages\/7086"}],"wp:featuredmedia":[{"embeddable":true,"href":"https:\/\/www.volkshilfe-ooe.at\/en\/wp-json\/wp\/v2\/media\/6167"}],"wp:attachment":[{"href":"https:\/\/www.volkshilfe-ooe.at\/en\/wp-json\/wp\/v2\/media?parent=8553"}],"curies":[{"name":"wp","href":"https:\/\/api.w.org\/{rel}","templated":true}]}}