{"id":8573,"date":"2023-12-11T14:57:13","date_gmt":"2023-12-11T13:57:13","guid":{"rendered":"https:\/\/www.volkshilfe-ooe.at\/shops\/repair-sewing-cafes\/"},"modified":"2024-02-20T15:22:33","modified_gmt":"2024-02-20T14:22:33","slug":"repair-sewing-cafes","status":"publish","type":"page","link":"https:\/\/www.volkshilfe-ooe.at\/en\/shops\/repair-sewing-cafes\/","title":{"rendered":"Repair &amp; Sewing Caf\u00e9s"},"content":{"rendered":"\n\n\t<section class=\"section bottom-space text-img-cols\" id=\"section_1032302483\">\n\t\t<div class=\"section-bg fill\" >\n\t\t\t\t\t\t\t\t\t\n\t\t\t\n\n\t\t<\/div>\n\n\t\t\n\n\t\t<div class=\"section-content relative\">\n\t\t\t\n\n<div class=\"row row-collapse\"  id=\"row-144873950\">\n\n\n\t<div id=\"col-1909060028\" class=\"col left-col medium-12 small-12 large-6\"  >\n\t\t\t\t<div class=\"col-inner\"  >\n\t\t\t\n\t\t\t\n\n<h1>Repair &amp; Sewing Caf\u00e9s<\/h1>\n<p class=\"page-title\"><strong>Repairing instead of throwing away<\/strong><\/p>\n<p>Whether it&#8217;s a broken coffee machine, a leaking bicycle valve or a torn blouse &#8211; a repair in a specialist store is often so expensive that it&#8217;s cheaper to buy a new one. Things that could perhaps be easily repaired with a few simple steps are thrown away.<br>The mountains of garbage are getting bigger and bigger.<\/p>\n<p>At our repair and sewing caf\u00e9s, volunteers help guests to make their small appliances and clothing usable again.<\/p>\n<p> <\/p>\n\n\t\t<\/div>\n\t\t\t\t\t<\/div>\n\n\t\n\n\t<div id=\"col-938603600\" class=\"col right-col medium-12 small-12 large-6\"  >\n\t\t\t\t<div class=\"col-inner\"  >\n\t\t\t\n\t\t\t\n\n\t<div class=\"img has-hover x md-x lg-x y md-y lg-y\" id=\"image_2089517750\">\n\t\t\t\t\t\t\t\t<div class=\"img-inner image-cover dark\" style=\"padding-top:67%;\">\n\t\t\t<img decoding=\"async\" width=\"2016\" height=\"1512\" src=\"https:\/\/www.volkshilfe-ooe.at\/wp-content\/uploads\/2023\/12\/VH-Shops_repair-cafe.jpg\" class=\"attachment-original size-original\" alt=\"null\" srcset=\"https:\/\/www.volkshilfe-ooe.at\/wp-content\/uploads\/2023\/12\/VH-Shops_repair-cafe.jpg 2016w, https:\/\/www.volkshilfe-ooe.at\/wp-content\/uploads\/2023\/12\/VH-Shops_repair-cafe-533x400.jpg 533w, https:\/\/www.volkshilfe-ooe.at\/wp-content\/uploads\/2023\/12\/VH-Shops_repair-cafe-1067x800.jpg 1067w, https:\/\/www.volkshilfe-ooe.at\/wp-content\/uploads\/2023\/12\/VH-Shops_repair-cafe-768x576.jpg 768w, https:\/\/www.volkshilfe-ooe.at\/wp-content\/uploads\/2023\/12\/VH-Shops_repair-cafe-1536x1152.jpg 1536w\" sizes=\"(max-width: 2016px) 100vw, 2016px\" \/>\t\t\t\t\t\t\n\t\t\t\t\t<\/div>\n\t\t\t\t\t\t\t\t\n<style>\n#image_2089517750 {\n  width: 100%;\n}\n<\/style>\n\t<\/div>\n\t\n\n\n\t\t<\/div>\n\t\t\t\t\t<\/div>\n\n\t\n\n<\/div>\n\n\t\t<\/div>\n\n\t\t\n<style>\n#section_1032302483 {\n  padding-top: 0px;\n  padding-bottom: 0px;\n}\n<\/style>\n\t<\/section>\n\t\n\n\t<section class=\"section simple-text\" id=\"section_1488437725\">\n\t\t<div class=\"section-bg fill\" >\n\t\t\t\t\t\t\t\t\t\n\t\t\t\n\n\t\t<\/div>\n\n\t\t\n\n\t\t<div class=\"section-content relative\">\n\t\t\t\n\n<div class=\"row align-center\"  id=\"row-1825716431\">\n\n\n\t<div id=\"col-1038412207\" class=\"col medium-8 small-12 large-8\"  >\n\t\t\t\t<div class=\"col-inner text-center\"  >\n\t\t\t\n\t\t\t\n\n<p>The repair and sewing caf\u00e9s in Linz, Steyr and Freistadt as well as the Selbstmachtreff in Eferding are the perfect place for people who want to repair something and people who can repair something and want to help and advice with the repair.<\/p>\n<p>People help each other, live sustainability and also make new contacts.<br>The Selbstmachtreff in Eferding is also a meeting place for various craft groups, whether sewing, knitting, crocheting or handicrafts. The group implements its own projects and helps each other when it gets stuck.<\/p>\n<p> <\/p>\n<p>With support from the Bund, state and European Union<br><img decoding=\"async\" class=\"alignnone wp-image-5950\" src=\"\/wp-content\/uploads\/2023\/12\/BKA_Logo-800x142.jpg\" alt=\"\" width=\"200\" height=\"35\" srcset=\"https:\/\/www.volkshilfe-ooe.at\/wp-content\/uploads\/2023\/12\/BKA_Logo-800x142.jpg 800w, https:\/\/www.volkshilfe-ooe.at\/wp-content\/uploads\/2023\/12\/BKA_Logo-768x136.jpg 768w, https:\/\/www.volkshilfe-ooe.at\/wp-content\/uploads\/2023\/12\/BKA_Logo.jpg 1202w\" sizes=\"(max-width: 200px) 100vw, 200px\" \/>   <img decoding=\"async\" class=\"alignnone wp-image-5694\" src=\"\/wp-content\/uploads\/2023\/12\/Banner_Wappen_OOe_Logo_845-x-444-px-761x400.jpg\" alt=\"\" width=\"200\" height=\"105\" srcset=\"https:\/\/www.volkshilfe-ooe.at\/wp-content\/uploads\/2023\/12\/Banner_Wappen_OOe_Logo_845-x-444-px-761x400.jpg 761w, https:\/\/www.volkshilfe-ooe.at\/wp-content\/uploads\/2023\/12\/Banner_Wappen_OOe_Logo_845-x-444-px-768x404.jpg 768w, https:\/\/www.volkshilfe-ooe.at\/wp-content\/uploads\/2023\/12\/Banner_Wappen_OOe_Logo_845-x-444-px.jpg 845w\" sizes=\"(max-width: 200px) 100vw, 200px\" \/>     <img decoding=\"async\" class=\"alignnone wp-image-5664\" src=\"\/wp-content\/uploads\/2023\/12\/DE-Kofinanziert-von-der-Europaeischen-Union_POS-800x168.jpg\" alt=\"\" width=\"200\" height=\"42\" srcset=\"https:\/\/www.volkshilfe-ooe.at\/wp-content\/uploads\/2023\/12\/DE-Kofinanziert-von-der-Europaeischen-Union_POS-800x168.jpg 800w, https:\/\/www.volkshilfe-ooe.at\/wp-content\/uploads\/2023\/12\/DE-Kofinanziert-von-der-Europaeischen-Union_POS-1400x294.jpg 1400w, https:\/\/www.volkshilfe-ooe.at\/wp-content\/uploads\/2023\/12\/DE-Kofinanziert-von-der-Europaeischen-Union_POS-768x161.jpg 768w, https:\/\/www.volkshilfe-ooe.at\/wp-content\/uploads\/2023\/12\/DE-Kofinanziert-von-der-Europaeischen-Union_POS-1536x322.jpg 1536w, https:\/\/www.volkshilfe-ooe.at\/wp-content\/uploads\/2023\/12\/DE-Kofinanziert-von-der-Europaeischen-Union_POS-2048x430.jpg 2048w\" sizes=\"(max-width: 200px) 100vw, 200px\" \/><\/p>\n<p>in cooperation with<\/p>\n<p> <\/p>\n<p><img decoding=\"async\" class=\"alignnone wp-image-6113\" src=\"\/wp-content\/uploads\/2023\/12\/ReVital_Logo.png\" alt=\"\" width=\"200\" height=\"90\"><\/p>\n\n\n\t\t<\/div>\n\t\t\t\t\t<\/div>\n\n\t\n\n<\/div>\n\n\t\t<\/div>\n\n\t\t\n<style>\n#section_1488437725 {\n  padding-top: 0px;\n  padding-bottom: 0px;\n}\n<\/style>\n\t<\/section>\n\t\n\n\t<section class=\"section bottom-space vh-iconboxes vh-4-cols\" id=\"section_248542822\">\n\t\t<div class=\"section-bg fill\" >\n\t\t\t\t\t\t\t\t\t\n\t\t\t\n\n\t\t<\/div>\n\n\t\t\n\n\t\t<div class=\"section-content relative\">\n\t\t\t\n\n<div class=\"row row-small align-center\"  id=\"row-658580265\">\n\n\n\t<div id=\"col-2083790130\" class=\"col medium-6 small-12 large-4\"  >\n\t\t\t\t<div class=\"col-inner text-center box-shadow-2\"  >\n\t\t\t\n\t\t\t\n\n<h4>Repair and sewing cafe Linz<\/h4>\n<p><strong>Dates 2024:<\/strong><br><strong>every 1st Thursday of the month<br><\/strong>from 17:00 &#8211; 19:00<strong><br><\/strong><\/p>\n<p>January 11, 2024<br>February 1, 2024<br>March 7, 2024<br>April 4, 2024<br>May 2, 2024<br>June 6, 2024<br>July 4, 2024<br>August 1, 2024<br>September 5, 2024<br>October 3, 2024<br>November 7, 2024<br>December 5, 2024<\/p>\n<p><strong>Kreisler*in Tabakfabrik Linz &#8211; Building 1<\/strong><br><strong>Peter Behrensplatz 9, on the first floor<\/strong><\/p>\n\t<div class=\"img has-hover x md-x lg-x y md-y lg-y\" id=\"image_1372852699\">\n\t\t\t\t\t\t\t\t<div class=\"img-inner dark\" >\n\t\t\t<img decoding=\"async\" width=\"1020\" height=\"765\" src=\"https:\/\/www.volkshilfe-ooe.at\/wp-content\/uploads\/2023\/12\/Repair-cafe-linz-1067x800.jpg\" class=\"attachment-large size-large\" alt=\"null\" srcset=\"https:\/\/www.volkshilfe-ooe.at\/wp-content\/uploads\/2023\/12\/Repair-cafe-linz-1067x800.jpg 1067w, https:\/\/www.volkshilfe-ooe.at\/wp-content\/uploads\/2023\/12\/Repair-cafe-linz-533x400.jpg 533w, https:\/\/www.volkshilfe-ooe.at\/wp-content\/uploads\/2023\/12\/Repair-cafe-linz-768x576.jpg 768w, https:\/\/www.volkshilfe-ooe.at\/wp-content\/uploads\/2023\/12\/Repair-cafe-linz.jpg 1504w\" sizes=\"(max-width: 1020px) 100vw, 1020px\" \/>\t\t\t\t\t\t\n\t\t\t\t\t<\/div>\n\t\t\t\t\t\t\t\t\n<style>\n#image_1372852699 {\n  width: 100%;\n}\n<\/style>\n\t<\/div>\n\t\n\n\n\t\t<\/div>\n\t\t\t\t\n<style>\n#col-2083790130 > .col-inner {\n  padding: 20px 20px 25px 20px;\n}\n@media (min-width:550px) {\n  #col-2083790130 > .col-inner {\n    padding: 35px 35px 40px 35px;\n  }\n}\n<\/style>\n\t<\/div>\n\n\t\n\n\t<div id=\"col-622341241\" class=\"col medium-6 small-12 large-4\"  >\n\t\t\t\t<div class=\"col-inner text-center box-shadow-2\"  >\n\t\t\t\n\t\t\t\n\n<h4>Repair and sewing cafe Steyr<\/h4>\n<p><strong>Dates 2024:<\/strong><br><strong>every last Monday of the month<br><\/strong>from 17:00 &#8211; 19:00<strong><br><\/strong><\/p>\n<p>January 29, 2024<br>February 26, 2024<br>March 25, 2024<br>April 29, 2024<br>May 27, 2024<br>June 24, 2024<br>July 29, 2024<br>August 26, 2024<br>September 30, 2024<br>October 28, 2024<br>November 25, 2024<\/p>\n<p><strong>Kreisler*in Steyr<\/strong><br><strong>Gr\u00fcnmarkt 14<\/strong><\/p>\n\t<div class=\"img has-hover x md-x lg-x y md-y lg-y\" id=\"image_1177277816\">\n\t\t\t\t\t\t\t\t<div class=\"img-inner dark\" >\n\t\t\t<img decoding=\"async\" width=\"1020\" height=\"538\" src=\"https:\/\/www.volkshilfe-ooe.at\/wp-content\/uploads\/2023\/12\/Repair-cafe-steyr-1400x738.jpg\" class=\"attachment-large size-large\" alt=\"null\" srcset=\"https:\/\/www.volkshilfe-ooe.at\/wp-content\/uploads\/2023\/12\/Repair-cafe-steyr-1400x738.jpg 1400w, https:\/\/www.volkshilfe-ooe.at\/wp-content\/uploads\/2023\/12\/Repair-cafe-steyr-758x400.jpg 758w, https:\/\/www.volkshilfe-ooe.at\/wp-content\/uploads\/2023\/12\/Repair-cafe-steyr-768x405.jpg 768w, https:\/\/www.volkshilfe-ooe.at\/wp-content\/uploads\/2023\/12\/Repair-cafe-steyr-1536x810.jpg 1536w, https:\/\/www.volkshilfe-ooe.at\/wp-content\/uploads\/2023\/12\/Repair-cafe-steyr.jpg 1566w\" sizes=\"(max-width: 1020px) 100vw, 1020px\" \/>\t\t\t\t\t\t\n\t\t\t\t\t<\/div>\n\t\t\t\t\t\t\t\t\n<style>\n#image_1177277816 {\n  width: 100%;\n}\n<\/style>\n\t<\/div>\n\t\n\n\n\t\t<\/div>\n\t\t\t\t\n<style>\n#col-622341241 > .col-inner {\n  padding: 20px 20px 25px 20px;\n}\n@media (min-width:550px) {\n  #col-622341241 > .col-inner {\n    padding: 35px 35px 40px 35px;\n  }\n}\n<\/style>\n\t<\/div>\n\n\t\n\n\t<div id=\"col-1355437285\" class=\"col medium-6 small-12 large-4\"  >\n\t\t\t\t<div class=\"col-inner text-center box-shadow-2\"  >\n\t\t\t\n\t\t\t\n\n\t<div id=\"text-885953750\" class=\"text\">\n\t\t\n\n<h4 style=\"text-align: left;\">Repair and sewing caf\u00e9 Freistadt<\/h4>\n<p><strong>Dates 2024:<\/strong><br><span dir=\"ltr\" role=\"presentation\"><strong>every 1st Saturday of the month<\/strong><br>each from 13:00 &#8211; 16:00<br><\/span><br>February 3, 2024<br>March 2, 2024<br>April 6, 2024<br>May 4, 2024<br>June 1, 2024<br>July 6, 2024<br>August 3, 2024<br>September 7, 2024<br>October 5, 2024<br>November 2, 2024<br>December 7, 2024<\/p>\n<p><strong>Volkshilfe Wohnoase Freistadt<\/strong><br><strong>Zemannstrasse 29b<\/strong><\/p>\n\t\t\n<style>\n#text-885953750 {\n  text-align: center;\n}\n<\/style>\n\t<\/div>\n\t\n\t<div class=\"img has-hover x md-x lg-x y md-y lg-y\" id=\"image_425695108\">\n\t\t\t\t\t\t\t\t<div class=\"img-inner dark\" >\n\t\t\t<img decoding=\"async\" width=\"942\" height=\"800\" src=\"https:\/\/www.volkshilfe-ooe.at\/wp-content\/uploads\/2023\/12\/Repair-cafe-freistadt-942x800.jpg\" class=\"attachment-large size-large\" alt=\"null\" srcset=\"https:\/\/www.volkshilfe-ooe.at\/wp-content\/uploads\/2023\/12\/Repair-cafe-freistadt-942x800.jpg 942w, https:\/\/www.volkshilfe-ooe.at\/wp-content\/uploads\/2023\/12\/Repair-cafe-freistadt-471x400.jpg 471w, https:\/\/www.volkshilfe-ooe.at\/wp-content\/uploads\/2023\/12\/Repair-cafe-freistadt-768x652.jpg 768w, https:\/\/www.volkshilfe-ooe.at\/wp-content\/uploads\/2023\/12\/Repair-cafe-freistadt.jpg 1412w\" sizes=\"(max-width: 942px) 100vw, 942px\" \/>\t\t\t\t\t\t\n\t\t\t\t\t<\/div>\n\t\t\t\t\t\t\t\t\n<style>\n#image_425695108 {\n  width: 100%;\n}\n<\/style>\n\t<\/div>\n\t\n\n\n\t\t<\/div>\n\t\t\t\t\n<style>\n#col-1355437285 > .col-inner {\n  padding: 20px 20px 25px 20px;\n}\n@media (min-width:550px) {\n  #col-1355437285 > .col-inner {\n    padding: 35px 35px 40px 35px;\n  }\n}\n<\/style>\n\t<\/div>\n\n\t\n\n<\/div>\n<div class=\"row align-center\"  id=\"row-394284412\">\n\n\n\t<div id=\"col-1852392330\" class=\"col medium-6 small-12 large-4\"  >\n\t\t\t\t<div class=\"col-inner text-center box-shadow-2\"  >\n\t\t\t\n\t\t\t\n\n<h4>Selbstmachtreff Eferding<\/h4>\n<p><strong>Thursdays, 17:00 &#8211; 19:00<\/strong><\/p>\n<p><strong>Association house Eferding<\/strong><br><strong>Josef-Mitter-Platz 2<\/strong><\/p>\n\t<div class=\"img has-hover x md-x lg-x y md-y lg-y\" id=\"image_1886879244\">\n\t\t\t\t\t\t\t\t<div class=\"img-inner dark\" >\n\t\t\t<img decoding=\"async\" width=\"1020\" height=\"765\" src=\"https:\/\/www.volkshilfe-ooe.at\/wp-content\/uploads\/2023\/12\/Selbstmachtreff-Eferding-1067x800.jpg\" class=\"attachment-large size-large\" alt=\"null\" srcset=\"https:\/\/www.volkshilfe-ooe.at\/wp-content\/uploads\/2023\/12\/Selbstmachtreff-Eferding-1067x800.jpg 1067w, https:\/\/www.volkshilfe-ooe.at\/wp-content\/uploads\/2023\/12\/Selbstmachtreff-Eferding-533x400.jpg 533w, https:\/\/www.volkshilfe-ooe.at\/wp-content\/uploads\/2023\/12\/Selbstmachtreff-Eferding-768x576.jpg 768w, https:\/\/www.volkshilfe-ooe.at\/wp-content\/uploads\/2023\/12\/Selbstmachtreff-Eferding.jpg 1515w\" sizes=\"(max-width: 1020px) 100vw, 1020px\" \/>\t\t\t\t\t\t\n\t\t\t\t\t<\/div>\n\t\t\t\t\t\t\t\t\n<style>\n#image_1886879244 {\n  width: 100%;\n}\n<\/style>\n\t<\/div>\n\t\n\n\n\t\t<\/div>\n\t\t\t\t\n<style>\n#col-1852392330 > .col-inner {\n  padding: 20px 20px 25px 20px;\n}\n@media (min-width:550px) {\n  #col-1852392330 > .col-inner {\n    padding: 35px 35px 40px 35px;\n  }\n}\n<\/style>\n\t<\/div>\n\n\t\n\n<\/div>\n\n\t\t<\/div>\n\n\t\t\n<style>\n#section_248542822 {\n  padding-top: 0px;\n  padding-bottom: 0px;\n}\n<\/style>\n\t<\/section>\n\t\n\n","protected":false},"excerpt":{"rendered":"<p>Repair &amp; Sewing Caf\u00e9s Repairing instead of throwing away Whether it&#8217;s a broken coffee machine,&#8230;<\/p>\n","protected":false},"author":4,"featured_media":7002,"parent":7086,"menu_order":0,"comment_status":"closed","ping_status":"closed","template":"page-blank.php","meta":{"_acf_changed":false,"footnotes":""},"class_list":["post-8573","page","type-page","status-publish","has-post-thumbnail","hentry"],"acf":[],"yoast_head":"<!-- This site is optimized with the Yoast SEO plugin v26.5 - https:\/\/yoast.com\/wordpress\/plugins\/seo\/ -->\n<title>Repair &amp; Sewing Caf\u00e9s - Volkshilfe O\u00d6<\/title>\n<meta name=\"robots\" content=\"index, follow, max-snippet:-1, max-image-preview:large, max-video-preview:-1\" \/>\n<link rel=\"canonical\" href=\"https:\/\/www.volkshilfe-ooe.at\/en\/shops\/repair-sewing-cafes\/\" \/>\n<meta property=\"og:locale\" content=\"en_US\" \/>\n<meta property=\"og:type\" content=\"article\" \/>\n<meta property=\"og:title\" content=\"Repair &amp; Sewing Caf\u00e9s - Volkshilfe O\u00d6\" \/>\n<meta property=\"og:description\" content=\"Repair &amp; Sewing Caf\u00e9s Repairing instead of throwing away Whether it&#8217;s a broken coffee machine,...\" \/>\n<meta property=\"og:url\" content=\"https:\/\/www.volkshilfe-ooe.at\/en\/shops\/repair-sewing-cafes\/\" \/>\n<meta property=\"og:site_name\" content=\"Volkshilfe O\u00d6\" \/>\n<meta property=\"article:modified_time\" content=\"2024-02-20T14:22:33+00:00\" \/>\n<meta property=\"og:image\" content=\"https:\/\/www.volkshilfe-ooe.at\/wp-content\/uploads\/2023\/12\/VH-Shops_repair-cafe.jpg\" \/>\n\t<meta property=\"og:image:width\" content=\"2016\" \/>\n\t<meta property=\"og:image:height\" content=\"1512\" \/>\n\t<meta property=\"og:image:type\" content=\"image\/jpeg\" \/>\n<meta name=\"twitter:card\" content=\"summary_large_image\" \/>\n<meta name=\"twitter:label1\" content=\"Est. reading time\" \/>\n\t<meta name=\"twitter:data1\" content=\"2 minutes\" \/>\n<script type=\"application\/ld+json\" class=\"yoast-schema-graph\">{\"@context\":\"https:\/\/schema.org\",\"@graph\":[{\"@type\":\"WebPage\",\"@id\":\"https:\/\/www.volkshilfe-ooe.at\/en\/shops\/repair-sewing-cafes\/\",\"url\":\"https:\/\/www.volkshilfe-ooe.at\/en\/shops\/repair-sewing-cafes\/\",\"name\":\"Repair &amp; Sewing Caf\u00e9s - Volkshilfe O\u00d6\",\"isPartOf\":{\"@id\":\"https:\/\/www.volkshilfe-ooe.at\/en\/#website\"},\"primaryImageOfPage\":{\"@id\":\"https:\/\/www.volkshilfe-ooe.at\/en\/shops\/repair-sewing-cafes\/#primaryimage\"},\"image\":{\"@id\":\"https:\/\/www.volkshilfe-ooe.at\/en\/shops\/repair-sewing-cafes\/#primaryimage\"},\"thumbnailUrl\":\"https:\/\/www.volkshilfe-ooe.at\/wp-content\/uploads\/2023\/12\/VH-Shops_repair-cafe.jpg\",\"datePublished\":\"2023-12-11T13:57:13+00:00\",\"dateModified\":\"2024-02-20T14:22:33+00:00\",\"breadcrumb\":{\"@id\":\"https:\/\/www.volkshilfe-ooe.at\/en\/shops\/repair-sewing-cafes\/#breadcrumb\"},\"inLanguage\":\"en-US\",\"potentialAction\":[{\"@type\":\"ReadAction\",\"target\":[\"https:\/\/www.volkshilfe-ooe.at\/en\/shops\/repair-sewing-cafes\/\"]}]},{\"@type\":\"ImageObject\",\"inLanguage\":\"en-US\",\"@id\":\"https:\/\/www.volkshilfe-ooe.at\/en\/shops\/repair-sewing-cafes\/#primaryimage\",\"url\":\"https:\/\/www.volkshilfe-ooe.at\/wp-content\/uploads\/2023\/12\/VH-Shops_repair-cafe.jpg\",\"contentUrl\":\"https:\/\/www.volkshilfe-ooe.at\/wp-content\/uploads\/2023\/12\/VH-Shops_repair-cafe.jpg\",\"width\":2016,\"height\":1512,\"caption\":\"Symbolbild Repair Caf\u00e9s\"},{\"@type\":\"BreadcrumbList\",\"@id\":\"https:\/\/www.volkshilfe-ooe.at\/en\/shops\/repair-sewing-cafes\/#breadcrumb\",\"itemListElement\":[{\"@type\":\"ListItem\",\"position\":1,\"name\":\"Startseite\",\"item\":\"https:\/\/www.volkshilfe-ooe.at\/en\/\"},{\"@type\":\"ListItem\",\"position\":2,\"name\":\"Shops\",\"item\":\"https:\/\/www.volkshilfe-ooe.at\/en\/shops\/\"},{\"@type\":\"ListItem\",\"position\":3,\"name\":\"Repair &amp; Sewing Caf\u00e9s\"}]},{\"@type\":\"WebSite\",\"@id\":\"https:\/\/www.volkshilfe-ooe.at\/en\/#website\",\"url\":\"https:\/\/www.volkshilfe-ooe.at\/en\/\",\"name\":\"Volkshilfe O\u00d6\",\"description\":\"\",\"publisher\":{\"@id\":\"https:\/\/www.volkshilfe-ooe.at\/en\/#organization\"},\"potentialAction\":[{\"@type\":\"SearchAction\",\"target\":{\"@type\":\"EntryPoint\",\"urlTemplate\":\"https:\/\/www.volkshilfe-ooe.at\/en\/?s={search_term_string}\"},\"query-input\":{\"@type\":\"PropertyValueSpecification\",\"valueRequired\":true,\"valueName\":\"search_term_string\"}}],\"inLanguage\":\"en-US\"},{\"@type\":\"Organization\",\"@id\":\"https:\/\/www.volkshilfe-ooe.at\/en\/#organization\",\"name\":\"Volkshilfe O\u00d6\",\"url\":\"https:\/\/www.volkshilfe-ooe.at\/en\/\",\"logo\":{\"@type\":\"ImageObject\",\"inLanguage\":\"en-US\",\"@id\":\"https:\/\/www.volkshilfe-ooe.at\/en\/#\/schema\/logo\/image\/\",\"url\":\"https:\/\/www.volkshilfe-ooe.at\/wp-content\/uploads\/2023\/11\/VH_Logo_oberoesterreich.svg\",\"contentUrl\":\"https:\/\/www.volkshilfe-ooe.at\/wp-content\/uploads\/2023\/11\/VH_Logo_oberoesterreich.svg\",\"width\":1,\"height\":1,\"caption\":\"Volkshilfe O\u00d6\"},\"image\":{\"@id\":\"https:\/\/www.volkshilfe-ooe.at\/en\/#\/schema\/logo\/image\/\"}}]}<\/script>\n<!-- \/ Yoast SEO plugin. -->","yoast_head_json":{"title":"Repair &amp; Sewing Caf\u00e9s - Volkshilfe O\u00d6","robots":{"index":"index","follow":"follow","max-snippet":"max-snippet:-1","max-image-preview":"max-image-preview:large","max-video-preview":"max-video-preview:-1"},"canonical":"https:\/\/www.volkshilfe-ooe.at\/en\/shops\/repair-sewing-cafes\/","og_locale":"en_US","og_type":"article","og_title":"Repair &amp; Sewing Caf\u00e9s - Volkshilfe O\u00d6","og_description":"Repair &amp; Sewing Caf\u00e9s Repairing instead of throwing away Whether it&#8217;s a broken coffee machine,...","og_url":"https:\/\/www.volkshilfe-ooe.at\/en\/shops\/repair-sewing-cafes\/","og_site_name":"Volkshilfe O\u00d6","article_modified_time":"2024-02-20T14:22:33+00:00","og_image":[{"width":2016,"height":1512,"url":"https:\/\/www.volkshilfe-ooe.at\/wp-content\/uploads\/2023\/12\/VH-Shops_repair-cafe.jpg","type":"image\/jpeg"}],"twitter_card":"summary_large_image","twitter_misc":{"Est. reading time":"2 minutes"},"schema":{"@context":"https:\/\/schema.org","@graph":[{"@type":"WebPage","@id":"https:\/\/www.volkshilfe-ooe.at\/en\/shops\/repair-sewing-cafes\/","url":"https:\/\/www.volkshilfe-ooe.at\/en\/shops\/repair-sewing-cafes\/","name":"Repair &amp; Sewing Caf\u00e9s - Volkshilfe O\u00d6","isPartOf":{"@id":"https:\/\/www.volkshilfe-ooe.at\/en\/#website"},"primaryImageOfPage":{"@id":"https:\/\/www.volkshilfe-ooe.at\/en\/shops\/repair-sewing-cafes\/#primaryimage"},"image":{"@id":"https:\/\/www.volkshilfe-ooe.at\/en\/shops\/repair-sewing-cafes\/#primaryimage"},"thumbnailUrl":"https:\/\/www.volkshilfe-ooe.at\/wp-content\/uploads\/2023\/12\/VH-Shops_repair-cafe.jpg","datePublished":"2023-12-11T13:57:13+00:00","dateModified":"2024-02-20T14:22:33+00:00","breadcrumb":{"@id":"https:\/\/www.volkshilfe-ooe.at\/en\/shops\/repair-sewing-cafes\/#breadcrumb"},"inLanguage":"en-US","potentialAction":[{"@type":"ReadAction","target":["https:\/\/www.volkshilfe-ooe.at\/en\/shops\/repair-sewing-cafes\/"]}]},{"@type":"ImageObject","inLanguage":"en-US","@id":"https:\/\/www.volkshilfe-ooe.at\/en\/shops\/repair-sewing-cafes\/#primaryimage","url":"https:\/\/www.volkshilfe-ooe.at\/wp-content\/uploads\/2023\/12\/VH-Shops_repair-cafe.jpg","contentUrl":"https:\/\/www.volkshilfe-ooe.at\/wp-content\/uploads\/2023\/12\/VH-Shops_repair-cafe.jpg","width":2016,"height":1512,"caption":"Symbolbild Repair Caf\u00e9s"},{"@type":"BreadcrumbList","@id":"https:\/\/www.volkshilfe-ooe.at\/en\/shops\/repair-sewing-cafes\/#breadcrumb","itemListElement":[{"@type":"ListItem","position":1,"name":"Startseite","item":"https:\/\/www.volkshilfe-ooe.at\/en\/"},{"@type":"ListItem","position":2,"name":"Shops","item":"https:\/\/www.volkshilfe-ooe.at\/en\/shops\/"},{"@type":"ListItem","position":3,"name":"Repair &amp; Sewing Caf\u00e9s"}]},{"@type":"WebSite","@id":"https:\/\/www.volkshilfe-ooe.at\/en\/#website","url":"https:\/\/www.volkshilfe-ooe.at\/en\/","name":"Volkshilfe O\u00d6","description":"","publisher":{"@id":"https:\/\/www.volkshilfe-ooe.at\/en\/#organization"},"potentialAction":[{"@type":"SearchAction","target":{"@type":"EntryPoint","urlTemplate":"https:\/\/www.volkshilfe-ooe.at\/en\/?s={search_term_string}"},"query-input":{"@type":"PropertyValueSpecification","valueRequired":true,"valueName":"search_term_string"}}],"inLanguage":"en-US"},{"@type":"Organization","@id":"https:\/\/www.volkshilfe-ooe.at\/en\/#organization","name":"Volkshilfe O\u00d6","url":"https:\/\/www.volkshilfe-ooe.at\/en\/","logo":{"@type":"ImageObject","inLanguage":"en-US","@id":"https:\/\/www.volkshilfe-ooe.at\/en\/#\/schema\/logo\/image\/","url":"https:\/\/www.volkshilfe-ooe.at\/wp-content\/uploads\/2023\/11\/VH_Logo_oberoesterreich.svg","contentUrl":"https:\/\/www.volkshilfe-ooe.at\/wp-content\/uploads\/2023\/11\/VH_Logo_oberoesterreich.svg","width":1,"height":1,"caption":"Volkshilfe O\u00d6"},"image":{"@id":"https:\/\/www.volkshilfe-ooe.at\/en\/#\/schema\/logo\/image\/"}}]}},"_links":{"self":[{"href":"https:\/\/www.volkshilfe-ooe.at\/en\/wp-json\/wp\/v2\/pages\/8573","targetHints":{"allow":["GET"]}}],"collection":[{"href":"https:\/\/www.volkshilfe-ooe.at\/en\/wp-json\/wp\/v2\/pages"}],"about":[{"href":"https:\/\/www.volkshilfe-ooe.at\/en\/wp-json\/wp\/v2\/types\/page"}],"author":[{"embeddable":true,"href":"https:\/\/www.volkshilfe-ooe.at\/en\/wp-json\/wp\/v2\/users\/4"}],"replies":[{"embeddable":true,"href":"https:\/\/www.volkshilfe-ooe.at\/en\/wp-json\/wp\/v2\/comments?post=8573"}],"version-history":[{"count":3,"href":"https:\/\/www.volkshilfe-ooe.at\/en\/wp-json\/wp\/v2\/pages\/8573\/revisions"}],"predecessor-version":[{"id":8576,"href":"https:\/\/www.volkshilfe-ooe.at\/en\/wp-json\/wp\/v2\/pages\/8573\/revisions\/8576"}],"up":[{"embeddable":true,"href":"https:\/\/www.volkshilfe-ooe.at\/en\/wp-json\/wp\/v2\/pages\/7086"}],"wp:featuredmedia":[{"embeddable":true,"href":"https:\/\/www.volkshilfe-ooe.at\/en\/wp-json\/wp\/v2\/media\/7002"}],"wp:attachment":[{"href":"https:\/\/www.volkshilfe-ooe.at\/en\/wp-json\/wp\/v2\/media?parent=8573"}],"curies":[{"name":"wp","href":"https:\/\/api.w.org\/{rel}","templated":true}]}}