{"id":8577,"date":"2023-11-07T13:11:21","date_gmt":"2023-11-07T12:11:21","guid":{"rendered":"https:\/\/www.volkshilfe-ooe.at\/shops\/soma-market\/"},"modified":"2024-02-20T15:26:51","modified_gmt":"2024-02-20T14:26:51","slug":"soma-market","status":"publish","type":"page","link":"https:\/\/www.volkshilfe-ooe.at\/en\/shops\/soma-market\/","title":{"rendered":"SOMA market"},"content":{"rendered":"\n\n\t<section class=\"section bottom-space text-img-cols\" id=\"section_1654757645\">\n\t\t<div class=\"section-bg fill\" >\n\t\t\t\t\t\t\t\t\t\n\t\t\t\n\n\t\t<\/div>\n\n\t\t\n\n\t\t<div class=\"section-content relative\">\n\t\t\t\n\n<div class=\"row row-collapse align-middle\"  id=\"row-194462955\">\n\n\n\t<div id=\"col-1493858245\" class=\"col left-col medium-12 small-12 large-6\"  >\n\t\t\t\t<div class=\"col-inner\"  >\n\t\t\t\n\t\t\t\n\n<h1>SOMA social markets<\/h1>\n<p>Due to the current wave of inflation, it is not always easy to do the weekly grocery shopping. Not only is housing itself becoming more and more expensive and therefore eating up a larger proportion of the monthly salary, but food is also affected. We therefore offer food at a particularly low price in our social supermarkets.<\/p>\n\n\t\t<\/div>\n\t\t\t\t\t<\/div>\n\n\t\n\n\t<div id=\"col-2001360630\" class=\"col right-col medium-12 small-12 large-6\"  >\n\t\t\t\t<div class=\"col-inner\"  >\n\t\t\t\n\t\t\t\n\n\t<div class=\"img has-hover x md-x lg-x y md-y lg-y\" id=\"image_557972626\">\n\t\t\t\t\t\t\t\t<div class=\"img-inner image-cover dark\" style=\"padding-top:67%;\">\n\t\t\t<img decoding=\"async\" width=\"1724\" height=\"1009\" src=\"https:\/\/www.volkshilfe-ooe.at\/wp-content\/uploads\/2023\/12\/shops_soma-1.jpg\" class=\"attachment-original size-original\" alt=\"Regale gef\u00fcllt mit lang haltbaren Lebensmitteln, haupts\u00e4chlich S\u00fc\u00dfigkeiten.\" srcset=\"https:\/\/www.volkshilfe-ooe.at\/wp-content\/uploads\/2023\/12\/shops_soma-1.jpg 1724w, https:\/\/www.volkshilfe-ooe.at\/wp-content\/uploads\/2023\/12\/shops_soma-1-683x400.jpg 683w, https:\/\/www.volkshilfe-ooe.at\/wp-content\/uploads\/2023\/12\/shops_soma-1-1367x800.jpg 1367w, https:\/\/www.volkshilfe-ooe.at\/wp-content\/uploads\/2023\/12\/shops_soma-1-768x449.jpg 768w, https:\/\/www.volkshilfe-ooe.at\/wp-content\/uploads\/2023\/12\/shops_soma-1-1536x899.jpg 1536w\" sizes=\"(max-width: 1724px) 100vw, 1724px\" \/>\t\t\t\t\t\t\n\t\t\t\t\t<\/div>\n\t\t\t\t\t\t\t\t\n<style>\n#image_557972626 {\n  width: 100%;\n}\n<\/style>\n\t<\/div>\n\t\n\n\n\t\t<\/div>\n\t\t\t\t\t<\/div>\n\n\t\n\n<\/div>\n\n\t\t<\/div>\n\n\t\t\n<style>\n#section_1654757645 {\n  padding-top: 0px;\n  padding-bottom: 0px;\n}\n<\/style>\n\t<\/section>\n\t\n\n\t<section class=\"section simple-text\" id=\"section_1764273972\">\n\t\t<div class=\"section-bg fill\" >\n\t\t\t\t\t\t\t\t\t\n\t\t\t\n\n\t\t<\/div>\n\n\t\t\n\n\t\t<div class=\"section-content relative\">\n\t\t\t\n\n<div class=\"row\"  id=\"row-1684989974\">\n\n\n\t<div id=\"col-1853654049\" class=\"col medium-8 small-12 large-8\"  >\n\t\t\t\t<div class=\"col-inner\"  >\n\t\t\t\n\t\t\t\n\n<h3>Who can shop at the SOMA store?<\/h3>\n<p>All persons below the following income limits (net, 12 times per year) are entitled to purchase:<\/p>\n<ul>\n<li>1-person household: max. \u20ac 1.350,-<\/li>\n<li>2-person household (spouse, cohabiting partner): max. \u20ac1.900,-<\/li>\n<li>For each dependent child living in the household: \u20ac 350 (apprentices, civil servants, military service are not included)<\/li>\n<\/ul>\n<p>The weekly purchase limit for customers is \u20ac30 per week or \u20ac10 per day on 3 shopping days max.<\/p>\n<h3>How do I get a shopping card?<\/h3>\n<p>In order to be able to shop at Soma, you need a so-called entitlement card or a ration card. All persons who are below the stated income limits can apply for this at the respective Soma market. The card entitles the holder to purchase goods in Soma stores and must be shown each time a purchase is made.<\/p>\n<p><strong>You will need:<\/strong><\/p>\n<ul>\n<li>Proof of income<\/li>\n<li>Photo<\/li>\n<li>Registration form<\/li>\n<li>Photo ID<\/li>\n<\/ul>\n<p><strong>You will receive the shopping card for the Volkshilfe SOMA market:<\/strong><\/p>\n<ul>\n<li>in Wels directly in the Sozial-Markt, Vogelweiderstra\u00dfe 29<\/li>\n<li>in Linz directly in the Sozial-Markt, Freist\u00e4dter Stra\u00dfe 56-58<\/li>\n<\/ul>\n\n\t\t<\/div>\n\t\t\t\t\t<\/div>\n\n\t\n\n\t<div id=\"col-1328886802\" class=\"col medium-4 small-12 large-4\"  >\n\t\t\t\t<div class=\"col-inner\" style=\"background-color:rgb(240, 240, 240);\" >\n\t\t\t\n\t\t\t\n\n<h2>Locations<\/h2>\n<h3><strong>Volkshilfe SOMA market Wels<\/strong><\/h3>\n<p>Vogelweiderstra\u00dfe 29, 4600 Wels<br>Tel: <a href=\"tel:0676%20\/%208734%202867\"><span style=\"font-family: Arial;\">0676 \/ 8734 2867<\/span><\/a><br>Mail: <a href=\"mailto:shop-wels@volkshilfe-ooe.at\">shop-wels@volkshilfe-ooe.at<\/a><\/p>\n<p><strong>Opening hours:<br><\/strong>Monday to Friday from 14:00 &#8211; 17:00<\/p>\n<h3><strong>Volkshilfe SOMA market Linz<\/strong><\/h3>\n<p>Freist\u00e4dter Stra\u00dfe 56-58, 4040 Linz<br>Phone: <a href=\"tel:0732%20\/%203405%20%E2%80%93%20558\">0732 \/ 3405 &#8211; 558<\/a><br>Mail: <a href=\"mailto:shop-urfahr@volkshilfe-ooe.at\">shop-urfahr@volkshilfe-ooe.at<\/a><\/p>\n<p><strong>Opening hours:<br><\/strong>Monday to Friday from 9:00 &#8211; 17:00<\/p>\n\n\t\t<\/div>\n\t\t\t\t\n<style>\n#col-1328886802 > .col-inner {\n  padding: 20px 20px 20px 20px;\n}\n@media (min-width:550px) {\n  #col-1328886802 > .col-inner {\n    padding: 20px 20px 20px 50px;\n  }\n}\n<\/style>\n\t<\/div>\n\n\t\n\n<\/div>\n\n\t\t<\/div>\n\n\t\t\n<style>\n#section_1764273972 {\n  padding-top: 0px;\n  padding-bottom: 0px;\n}\n<\/style>\n\t<\/section>\n\t\n\n","protected":false},"excerpt":{"rendered":"<p>SOMA social markets Due to the current wave of inflation, it is not always easy&#8230;<\/p>\n","protected":false},"author":1,"featured_media":6306,"parent":7086,"menu_order":0,"comment_status":"closed","ping_status":"closed","template":"page-blank.php","meta":{"_acf_changed":false,"footnotes":""},"class_list":["post-8577","page","type-page","status-publish","has-post-thumbnail","hentry"],"acf":[],"yoast_head":"<!-- This site is optimized with the Yoast SEO plugin v26.5 - https:\/\/yoast.com\/wordpress\/plugins\/seo\/ -->\n<title>SOMA market - Volkshilfe O\u00d6<\/title>\n<meta name=\"robots\" content=\"index, follow, max-snippet:-1, max-image-preview:large, max-video-preview:-1\" \/>\n<link rel=\"canonical\" href=\"https:\/\/www.volkshilfe-ooe.at\/en\/shops\/soma-market\/\" \/>\n<meta property=\"og:locale\" content=\"en_US\" \/>\n<meta property=\"og:type\" content=\"article\" \/>\n<meta property=\"og:title\" content=\"SOMA market - Volkshilfe O\u00d6\" \/>\n<meta property=\"og:description\" content=\"SOMA social markets Due to the current wave of inflation, it is not always easy...\" \/>\n<meta property=\"og:url\" content=\"https:\/\/www.volkshilfe-ooe.at\/en\/shops\/soma-market\/\" \/>\n<meta property=\"og:site_name\" content=\"Volkshilfe O\u00d6\" \/>\n<meta property=\"article:modified_time\" content=\"2024-02-20T14:26:51+00:00\" \/>\n<meta property=\"og:image\" content=\"https:\/\/www.volkshilfe-ooe.at\/wp-content\/uploads\/2023\/12\/shops_soma-1.jpg\" \/>\n\t<meta property=\"og:image:width\" content=\"1724\" \/>\n\t<meta property=\"og:image:height\" content=\"1009\" \/>\n\t<meta property=\"og:image:type\" content=\"image\/jpeg\" \/>\n<meta name=\"twitter:card\" content=\"summary_large_image\" \/>\n<meta name=\"twitter:label1\" content=\"Est. reading time\" \/>\n\t<meta name=\"twitter:data1\" content=\"2 minutes\" \/>\n<script type=\"application\/ld+json\" class=\"yoast-schema-graph\">{\"@context\":\"https:\/\/schema.org\",\"@graph\":[{\"@type\":\"WebPage\",\"@id\":\"https:\/\/www.volkshilfe-ooe.at\/en\/shops\/soma-market\/\",\"url\":\"https:\/\/www.volkshilfe-ooe.at\/en\/shops\/soma-market\/\",\"name\":\"SOMA market - Volkshilfe O\u00d6\",\"isPartOf\":{\"@id\":\"https:\/\/www.volkshilfe-ooe.at\/en\/#website\"},\"primaryImageOfPage\":{\"@id\":\"https:\/\/www.volkshilfe-ooe.at\/en\/shops\/soma-market\/#primaryimage\"},\"image\":{\"@id\":\"https:\/\/www.volkshilfe-ooe.at\/en\/shops\/soma-market\/#primaryimage\"},\"thumbnailUrl\":\"https:\/\/www.volkshilfe-ooe.at\/wp-content\/uploads\/2023\/12\/shops_soma-1.jpg\",\"datePublished\":\"2023-11-07T12:11:21+00:00\",\"dateModified\":\"2024-02-20T14:26:51+00:00\",\"breadcrumb\":{\"@id\":\"https:\/\/www.volkshilfe-ooe.at\/en\/shops\/soma-market\/#breadcrumb\"},\"inLanguage\":\"en-US\",\"potentialAction\":[{\"@type\":\"ReadAction\",\"target\":[\"https:\/\/www.volkshilfe-ooe.at\/en\/shops\/soma-market\/\"]}]},{\"@type\":\"ImageObject\",\"inLanguage\":\"en-US\",\"@id\":\"https:\/\/www.volkshilfe-ooe.at\/en\/shops\/soma-market\/#primaryimage\",\"url\":\"https:\/\/www.volkshilfe-ooe.at\/wp-content\/uploads\/2023\/12\/shops_soma-1.jpg\",\"contentUrl\":\"https:\/\/www.volkshilfe-ooe.at\/wp-content\/uploads\/2023\/12\/shops_soma-1.jpg\",\"width\":1724,\"height\":1009,\"caption\":\"SOMA Shop Linz-Urfahr\"},{\"@type\":\"BreadcrumbList\",\"@id\":\"https:\/\/www.volkshilfe-ooe.at\/en\/shops\/soma-market\/#breadcrumb\",\"itemListElement\":[{\"@type\":\"ListItem\",\"position\":1,\"name\":\"Startseite\",\"item\":\"https:\/\/www.volkshilfe-ooe.at\/en\/\"},{\"@type\":\"ListItem\",\"position\":2,\"name\":\"Shops\",\"item\":\"https:\/\/www.volkshilfe-ooe.at\/en\/shops\/\"},{\"@type\":\"ListItem\",\"position\":3,\"name\":\"SOMA market\"}]},{\"@type\":\"WebSite\",\"@id\":\"https:\/\/www.volkshilfe-ooe.at\/en\/#website\",\"url\":\"https:\/\/www.volkshilfe-ooe.at\/en\/\",\"name\":\"Volkshilfe O\u00d6\",\"description\":\"\",\"publisher\":{\"@id\":\"https:\/\/www.volkshilfe-ooe.at\/en\/#organization\"},\"potentialAction\":[{\"@type\":\"SearchAction\",\"target\":{\"@type\":\"EntryPoint\",\"urlTemplate\":\"https:\/\/www.volkshilfe-ooe.at\/en\/?s={search_term_string}\"},\"query-input\":{\"@type\":\"PropertyValueSpecification\",\"valueRequired\":true,\"valueName\":\"search_term_string\"}}],\"inLanguage\":\"en-US\"},{\"@type\":\"Organization\",\"@id\":\"https:\/\/www.volkshilfe-ooe.at\/en\/#organization\",\"name\":\"Volkshilfe O\u00d6\",\"url\":\"https:\/\/www.volkshilfe-ooe.at\/en\/\",\"logo\":{\"@type\":\"ImageObject\",\"inLanguage\":\"en-US\",\"@id\":\"https:\/\/www.volkshilfe-ooe.at\/en\/#\/schema\/logo\/image\/\",\"url\":\"https:\/\/www.volkshilfe-ooe.at\/wp-content\/uploads\/2023\/11\/VH_Logo_oberoesterreich.svg\",\"contentUrl\":\"https:\/\/www.volkshilfe-ooe.at\/wp-content\/uploads\/2023\/11\/VH_Logo_oberoesterreich.svg\",\"width\":1,\"height\":1,\"caption\":\"Volkshilfe O\u00d6\"},\"image\":{\"@id\":\"https:\/\/www.volkshilfe-ooe.at\/en\/#\/schema\/logo\/image\/\"}}]}<\/script>\n<!-- \/ Yoast SEO plugin. -->","yoast_head_json":{"title":"SOMA market - Volkshilfe O\u00d6","robots":{"index":"index","follow":"follow","max-snippet":"max-snippet:-1","max-image-preview":"max-image-preview:large","max-video-preview":"max-video-preview:-1"},"canonical":"https:\/\/www.volkshilfe-ooe.at\/en\/shops\/soma-market\/","og_locale":"en_US","og_type":"article","og_title":"SOMA market - Volkshilfe O\u00d6","og_description":"SOMA social markets Due to the current wave of inflation, it is not always easy...","og_url":"https:\/\/www.volkshilfe-ooe.at\/en\/shops\/soma-market\/","og_site_name":"Volkshilfe O\u00d6","article_modified_time":"2024-02-20T14:26:51+00:00","og_image":[{"width":1724,"height":1009,"url":"https:\/\/www.volkshilfe-ooe.at\/wp-content\/uploads\/2023\/12\/shops_soma-1.jpg","type":"image\/jpeg"}],"twitter_card":"summary_large_image","twitter_misc":{"Est. reading time":"2 minutes"},"schema":{"@context":"https:\/\/schema.org","@graph":[{"@type":"WebPage","@id":"https:\/\/www.volkshilfe-ooe.at\/en\/shops\/soma-market\/","url":"https:\/\/www.volkshilfe-ooe.at\/en\/shops\/soma-market\/","name":"SOMA market - Volkshilfe O\u00d6","isPartOf":{"@id":"https:\/\/www.volkshilfe-ooe.at\/en\/#website"},"primaryImageOfPage":{"@id":"https:\/\/www.volkshilfe-ooe.at\/en\/shops\/soma-market\/#primaryimage"},"image":{"@id":"https:\/\/www.volkshilfe-ooe.at\/en\/shops\/soma-market\/#primaryimage"},"thumbnailUrl":"https:\/\/www.volkshilfe-ooe.at\/wp-content\/uploads\/2023\/12\/shops_soma-1.jpg","datePublished":"2023-11-07T12:11:21+00:00","dateModified":"2024-02-20T14:26:51+00:00","breadcrumb":{"@id":"https:\/\/www.volkshilfe-ooe.at\/en\/shops\/soma-market\/#breadcrumb"},"inLanguage":"en-US","potentialAction":[{"@type":"ReadAction","target":["https:\/\/www.volkshilfe-ooe.at\/en\/shops\/soma-market\/"]}]},{"@type":"ImageObject","inLanguage":"en-US","@id":"https:\/\/www.volkshilfe-ooe.at\/en\/shops\/soma-market\/#primaryimage","url":"https:\/\/www.volkshilfe-ooe.at\/wp-content\/uploads\/2023\/12\/shops_soma-1.jpg","contentUrl":"https:\/\/www.volkshilfe-ooe.at\/wp-content\/uploads\/2023\/12\/shops_soma-1.jpg","width":1724,"height":1009,"caption":"SOMA Shop Linz-Urfahr"},{"@type":"BreadcrumbList","@id":"https:\/\/www.volkshilfe-ooe.at\/en\/shops\/soma-market\/#breadcrumb","itemListElement":[{"@type":"ListItem","position":1,"name":"Startseite","item":"https:\/\/www.volkshilfe-ooe.at\/en\/"},{"@type":"ListItem","position":2,"name":"Shops","item":"https:\/\/www.volkshilfe-ooe.at\/en\/shops\/"},{"@type":"ListItem","position":3,"name":"SOMA market"}]},{"@type":"WebSite","@id":"https:\/\/www.volkshilfe-ooe.at\/en\/#website","url":"https:\/\/www.volkshilfe-ooe.at\/en\/","name":"Volkshilfe O\u00d6","description":"","publisher":{"@id":"https:\/\/www.volkshilfe-ooe.at\/en\/#organization"},"potentialAction":[{"@type":"SearchAction","target":{"@type":"EntryPoint","urlTemplate":"https:\/\/www.volkshilfe-ooe.at\/en\/?s={search_term_string}"},"query-input":{"@type":"PropertyValueSpecification","valueRequired":true,"valueName":"search_term_string"}}],"inLanguage":"en-US"},{"@type":"Organization","@id":"https:\/\/www.volkshilfe-ooe.at\/en\/#organization","name":"Volkshilfe O\u00d6","url":"https:\/\/www.volkshilfe-ooe.at\/en\/","logo":{"@type":"ImageObject","inLanguage":"en-US","@id":"https:\/\/www.volkshilfe-ooe.at\/en\/#\/schema\/logo\/image\/","url":"https:\/\/www.volkshilfe-ooe.at\/wp-content\/uploads\/2023\/11\/VH_Logo_oberoesterreich.svg","contentUrl":"https:\/\/www.volkshilfe-ooe.at\/wp-content\/uploads\/2023\/11\/VH_Logo_oberoesterreich.svg","width":1,"height":1,"caption":"Volkshilfe O\u00d6"},"image":{"@id":"https:\/\/www.volkshilfe-ooe.at\/en\/#\/schema\/logo\/image\/"}}]}},"_links":{"self":[{"href":"https:\/\/www.volkshilfe-ooe.at\/en\/wp-json\/wp\/v2\/pages\/8577","targetHints":{"allow":["GET"]}}],"collection":[{"href":"https:\/\/www.volkshilfe-ooe.at\/en\/wp-json\/wp\/v2\/pages"}],"about":[{"href":"https:\/\/www.volkshilfe-ooe.at\/en\/wp-json\/wp\/v2\/types\/page"}],"author":[{"embeddable":true,"href":"https:\/\/www.volkshilfe-ooe.at\/en\/wp-json\/wp\/v2\/users\/1"}],"replies":[{"embeddable":true,"href":"https:\/\/www.volkshilfe-ooe.at\/en\/wp-json\/wp\/v2\/comments?post=8577"}],"version-history":[{"count":3,"href":"https:\/\/www.volkshilfe-ooe.at\/en\/wp-json\/wp\/v2\/pages\/8577\/revisions"}],"predecessor-version":[{"id":8580,"href":"https:\/\/www.volkshilfe-ooe.at\/en\/wp-json\/wp\/v2\/pages\/8577\/revisions\/8580"}],"up":[{"embeddable":true,"href":"https:\/\/www.volkshilfe-ooe.at\/en\/wp-json\/wp\/v2\/pages\/7086"}],"wp:featuredmedia":[{"embeddable":true,"href":"https:\/\/www.volkshilfe-ooe.at\/en\/wp-json\/wp\/v2\/media\/6306"}],"wp:attachment":[{"href":"https:\/\/www.volkshilfe-ooe.at\/en\/wp-json\/wp\/v2\/media?parent=8577"}],"curies":[{"name":"wp","href":"https:\/\/api.w.org\/{rel}","templated":true}]}}