{"id":8625,"date":"2023-11-07T13:11:54","date_gmt":"2023-11-07T12:11:54","guid":{"rendered":"https:\/\/www.volkshilfe-ooe.at\/jobs-volunteering\/civil-service\/"},"modified":"2024-02-20T15:58:06","modified_gmt":"2024-02-20T14:58:06","slug":"civil-service","status":"publish","type":"page","link":"https:\/\/www.volkshilfe-ooe.at\/en\/jobs-volunteering\/civil-service\/","title":{"rendered":"Civil service"},"content":{"rendered":"<section class=\"section overlay-left bottom-space\"><div class=\"bg section-bg fill bg-fill bg-loaded\"><\/div><div class=\"section-content relative\"><div class=\"row align-middle\"><div class=\"col overlay-col medium-10 small-12 large-8\"><div class=\"col-inner\"><div class=\"e5_video_container\"><iframe class=\"e5_video\" data-src=\"https:\/\/www.youtube.com\/embed\/jZbOegpzrtY?autoplay=0&mute=0&autohide=1&controls=1&showinfo=0&frameborder=0&rel=0&enablejsapi=1&loop=0\" frameborder=\"0\" allow=\"accelerometer; autoplay; clipboard-write; encrypted-media; gyroscope; picture-in-picture\" allowfullscreen\" title=\"Video f\u00fcr Zivildienst\"><\/iframe><button type=\"button\" class=\"e5_video_play\" title=\"Load YouTube Video\"><div class=\"play-icon\"><\/div><\/button><img decoding=\"async\" width=\"1020\" height=\"574\" src=\"https:\/\/www.volkshilfe-ooe.at\/wp-content\/uploads\/2023\/12\/LA_Valentin-1400x788.jpg\" class=\"e5_video_thumbnail\" alt=\"null\" srcset=\"https:\/\/www.volkshilfe-ooe.at\/wp-content\/uploads\/2023\/12\/LA_Valentin-1400x788.jpg 1400w, https:\/\/www.volkshilfe-ooe.at\/wp-content\/uploads\/2023\/12\/LA_Valentin-711x400.jpg 711w, https:\/\/www.volkshilfe-ooe.at\/wp-content\/uploads\/2023\/12\/LA_Valentin-768x432.jpg 768w, https:\/\/www.volkshilfe-ooe.at\/wp-content\/uploads\/2023\/12\/LA_Valentin-1536x864.jpg 1536w, https:\/\/www.volkshilfe-ooe.at\/wp-content\/uploads\/2023\/12\/LA_Valentin.jpg 1920w\" sizes=\"(max-width: 1020px) 100vw, 1020px\" \/><\/div><\/div><\/div><div class=\"col overlay-col medium-10 small-12 large-4\"><div class=\"col-inner\"><div class=\"row row-collapse text-row\"><div class=\"col small-12 large-12\"><div class=\"col-inner box-shadow-2 e5-overlay-text\"><div><h2>Zivildienst<\/h2><\/div><div class=\"e5-job-general-text\">Entscheide dich f\u00fcr den Zivildienst bei der Volkshilfe und unterst\u00fctze als Zivildiener Senior*innen, Menschen mit Beeintr\u00e4chtigung, sowie Asylwerber*innen und Fl\u00fcchtlinge. Helfen, wo es am meisten z\u00e4hlt.<\/div><\/div><\/div><\/div><\/div><\/div><\/div><\/div><\/section>\n\n\n\t<section class=\"section vh-4-iconcols\" id=\"section_2116245869\">\n\t\t<div class=\"section-bg fill\" >\n\t\t\t\t\t\t\t\t\t\n\t\t\t\n\n\t\t<\/div>\n\n\t\t\n\n\t\t<div class=\"section-content relative\">\n\t\t\t\n\n<div class=\"row align-center\"  id=\"row-467970843\">\n\n\n\t<div id=\"col-1459024262\" class=\"col small-12 large-12\"  >\n\t\t\t\t<div class=\"col-inner text-center\"  >\n\t\t\t\n\t\t\t\n\n<h2>What do you get from us?<\/h2>\n\n\t\t<\/div>\n\t\t\t\t\t<\/div>\n\n\t\n\n\t<div id=\"col-1710796164\" class=\"col medium-6 small-12 large-4\"  >\n\t\t\t\t<div class=\"col-inner text-center\"  >\n\t\t\t\n\t\t\t\n\n\t<div class=\"img has-hover x md-x lg-x y md-y lg-y\" id=\"image_1130392892\">\n\t\t\t\t\t\t\t\t<div class=\"img-inner image-cover dark\" style=\"padding-top:100%;\">\n\t\t\t<img decoding=\"async\" src=\"https:\/\/www.volkshilfe-ooe.at\/wp-content\/uploads\/2023\/12\/VH-icons-37Stunden.svg\" class=\"attachment-original size-original\" alt=\"null\" \/>\t\t\t\t\t\t\n\t\t\t\t\t<\/div>\n\t\t\t\t\t\t\t\t\n<style>\n#image_1130392892 {\n  width: 25%;\n}\n<\/style>\n\t<\/div>\n\t\n\n<p class=\"title-counter\">37-hour week<\/p>\n\n\t\t<\/div>\n\t\t\t\t\t<\/div>\n\n\t\n\n\t<div id=\"col-1149288173\" class=\"col medium-6 small-12 large-4\"  >\n\t\t\t\t<div class=\"col-inner text-center\"  >\n\t\t\t\n\t\t\t\n\n\t<div class=\"img has-hover x md-x lg-x y md-y lg-y\" id=\"image_901648053\">\n\t\t\t\t\t\t\t\t<div class=\"img-inner image-cover dark\" style=\"padding-top:100%;\">\n\t\t\t<img decoding=\"async\" src=\"https:\/\/www.volkshilfe-ooe.at\/wp-content\/uploads\/2023\/12\/VH-icons-Verguetung.svg\" class=\"attachment-original size-original\" alt=\"null\" \/>\t\t\t\t\t\t\n\t\t\t\t\t<\/div>\n\t\t\t\t\t\t\t\t\n<style>\n#image_901648053 {\n  width: 25%;\n}\n<\/style>\n\t<\/div>\n\t\n\n<p class=\"title-counter\">Monthly basic remuneration<br>(\u20ac 585.10\/month)<\/p>\n\n\t\t<\/div>\n\t\t\t\t\t<\/div>\n\n\t\n\n\t<div id=\"col-1253432376\" class=\"col medium-6 small-12 large-4\"  >\n\t\t\t\t<div class=\"col-inner text-center\"  >\n\t\t\t\n\t\t\t\n\n\t<div class=\"img has-hover x md-x lg-x y md-y lg-y\" id=\"image_731319547\">\n\t\t\t\t\t\t\t\t<div class=\"img-inner image-cover dark\" style=\"padding-top:100%;\">\n\t\t\t<img decoding=\"async\" src=\"https:\/\/www.volkshilfe-ooe.at\/wp-content\/uploads\/2023\/12\/VH-icons-Verpflegungsgeld.svg\" class=\"attachment-original size-original\" alt=\"null\" \/>\t\t\t\t\t\t\n\t\t\t\t\t<\/div>\n\t\t\t\t\t\t\t\t\n<style>\n#image_731319547 {\n  width: 25%;\n}\n<\/style>\n\t<\/div>\n\t\n\n<p class=\"title-counter\">Meal allowance<\/p>\n\n\t\t<\/div>\n\t\t\t\t\t<\/div>\n\n\t\n\n\t<div id=\"col-490766025\" class=\"col medium-6 small-12 large-4\"  >\n\t\t\t\t<div class=\"col-inner text-center\"  >\n\t\t\t\n\t\t\t\n\n\t<div class=\"img has-hover x md-x lg-x y md-y lg-y\" id=\"image_2127684060\">\n\t\t\t\t\t\t\t\t<div class=\"img-inner image-cover dark\" style=\"padding-top:100%;\">\n\t\t\t<img decoding=\"async\" src=\"https:\/\/www.volkshilfe-ooe.at\/wp-content\/uploads\/2023\/12\/VH-icons-Versicherung.svg\" class=\"attachment-original size-original\" alt=\"null\" \/>\t\t\t\t\t\t\n\t\t\t\t\t<\/div>\n\t\t\t\t\t\t\t\t\n<style>\n#image_2127684060 {\n  width: 25%;\n}\n<\/style>\n\t<\/div>\n\t\n\n<p class=\"title-counter\">Accident and health insurance<\/p>\n\n\t\t<\/div>\n\t\t\t\t\t<\/div>\n\n\t\n\n\t<div id=\"col-2099730956\" class=\"col medium-6 small-12 large-4\"  >\n\t\t\t\t<div class=\"col-inner text-center\"  >\n\t\t\t\n\t\t\t\n\n\t<div class=\"img has-hover x md-x lg-x y md-y lg-y\" id=\"image_580599804\">\n\t\t\t\t\t\t\t\t<div class=\"img-inner image-cover dark\" style=\"padding-top:100%;\">\n\t\t\t<img decoding=\"async\" src=\"https:\/\/www.volkshilfe-ooe.at\/wp-content\/uploads\/2023\/12\/VH-icons-Team.svg\" class=\"attachment-original size-original\" alt=\"null\" \/>\t\t\t\t\t\t\n\t\t\t\t\t<\/div>\n\t\t\t\t\t\t\t\t\n<style>\n#image_580599804 {\n  width: 25%;\n}\n<\/style>\n\t<\/div>\n\t\n\n<p class=\"title-counter\">A great team<\/p>\n\n\t\t<\/div>\n\t\t\t\t\t<\/div>\n\n\t\n\n\t<div id=\"col-176380015\" class=\"col medium-6 small-12 large-4\"  >\n\t\t\t\t<div class=\"col-inner text-center\"  >\n\t\t\t\n\t\t\t\n\n\t<div class=\"img has-hover x md-x lg-x y md-y lg-y\" id=\"image_1332666232\">\n\t\t\t\t\t\t\t\t<div class=\"img-inner image-cover dark\" style=\"padding-top:100%;\">\n\t\t\t<img decoding=\"async\" src=\"https:\/\/www.volkshilfe-ooe.at\/wp-content\/uploads\/2023\/12\/VH-icons-Einsatzbereiche.svg\" class=\"attachment-original size-original\" alt=\"null\" \/>\t\t\t\t\t\t\n\t\t\t\t\t<\/div>\n\t\t\t\t\t\t\t\t\n<style>\n#image_1332666232 {\n  width: 25%;\n}\n<\/style>\n\t<\/div>\n\t\n\n<p class=\"title-counter\">Versatile areas of application<\/p>\n\n\t\t<\/div>\n\t\t\t\t\t<\/div>\n\n\t\n\n<\/div>\n\n\t\t<\/div>\n\n\t\t\n<style>\n#section_2116245869 {\n  padding-top: 0px;\n  padding-bottom: 0px;\n}\n<\/style>\n\t<\/section>\n\t\n\n\t<section class=\"section\" id=\"section_474234820\">\n\t\t<div class=\"section-bg fill\" >\n\t\t\t\t\t\t\t\t\t\n\t\t\t\n\n\t\t<\/div>\n\n\t\t\n\n\t\t<div class=\"section-content relative\">\n\t\t\t\n\n<div class=\"row\"  id=\"row-519615993\">\n\n\n\t<div id=\"col-1051194037\" class=\"col small-12 large-12\"  >\n\t\t\t\t<div class=\"col-inner text-center\"  >\n\t\t\t\n\t\t\t\n\n<h3>Apply here<\/h3>\n\n\t\t<\/div>\n\t\t\t\t\t<\/div>\n\n\t\n\n\t<div id=\"col-1292995865\" class=\"col small-12 large-12\"  >\n\t\t\t\t<div class=\"col-inner\"  >\n\t\t\t\n\t\t\t\n\n\n<div class=\"wpcf7 no-js\" id=\"wpcf7-f5446-o1\" lang=\"de-DE\" dir=\"ltr\" data-wpcf7-id=\"5446\">\n<div class=\"screen-reader-response\"><p role=\"status\" aria-live=\"polite\" aria-atomic=\"true\"><\/p> <ul><\/ul><\/div>\n<form action=\"\/en\/wp-json\/wp\/v2\/pages\/8625#wpcf7-f5446-o1\" method=\"post\" class=\"wpcf7-form init\" aria-label=\"Kontaktformular\" novalidate=\"novalidate\" data-status=\"init\">\n<fieldset class=\"hidden-fields-container\"><input type=\"hidden\" name=\"_wpcf7\" value=\"5446\" \/><input type=\"hidden\" name=\"_wpcf7_version\" value=\"6.1.4\" \/><input type=\"hidden\" name=\"_wpcf7_locale\" value=\"de_DE\" \/><input type=\"hidden\" name=\"_wpcf7_unit_tag\" value=\"wpcf7-f5446-o1\" \/><input type=\"hidden\" name=\"_wpcf7_container_post\" value=\"0\" \/><input type=\"hidden\" name=\"_wpcf7_posted_data_hash\" value=\"\" \/><input type=\"hidden\" name=\"_wpcf7cf_hidden_group_fields\" value=\"[]\" \/><input type=\"hidden\" name=\"_wpcf7cf_hidden_groups\" value=\"[]\" \/><input type=\"hidden\" name=\"_wpcf7cf_visible_groups\" value=\"[]\" \/><input type=\"hidden\" name=\"_wpcf7cf_repeaters\" value=\"[]\" \/><input type=\"hidden\" name=\"_wpcf7cf_steps\" value=\"{}\" \/><input type=\"hidden\" name=\"_wpcf7cf_options\" value=\"{&quot;form_id&quot;:5446,&quot;conditions&quot;:[{&quot;then_field&quot;:&quot;-1&quot;,&quot;and_rules&quot;:[{&quot;if_field&quot;:&quot;-1&quot;,&quot;operator&quot;:&quot;equals&quot;,&quot;if_value&quot;:&quot;Bankeinzug&quot;}]}],&quot;settings&quot;:{&quot;animation&quot;:&quot;yes&quot;,&quot;animation_intime&quot;:200,&quot;animation_outtime&quot;:200,&quot;conditions_ui&quot;:&quot;normal&quot;,&quot;notice_dismissed&quot;:false,&quot;notice_dismissed_rollback-cf7-5.8.3&quot;:true,&quot;notice_dismissed_rollback-cf7-5.8.4&quot;:true,&quot;notice_dismissed_rollback-cf7-5.8.5&quot;:true}}\" \/><input type=\"hidden\" name=\"_wpcf7_recaptcha_response\" value=\"\" \/>\n<\/fieldset>\n<div class=\"cf-various-cols\">\n\t<div class=\"cf-2-cols\">\n\t\t<p><label> Vorname*<br \/>\n<span class=\"wpcf7-form-control-wrap\" data-name=\"first-name\"><input size=\"40\" maxlength=\"400\" class=\"wpcf7-form-control wpcf7-text wpcf7-validates-as-required\" aria-required=\"true\" aria-invalid=\"false\" value=\"\" type=\"text\" name=\"first-name\" \/><\/span><br \/>\n<\/label>\n\t\t<\/p>\n\t<\/div>\n\t<div class=\"cf-2-cols\">\n\t\t<p><label> Nachname*<br \/>\n<span class=\"wpcf7-form-control-wrap\" data-name=\"last-name\"><input size=\"40\" maxlength=\"400\" class=\"wpcf7-form-control wpcf7-text wpcf7-validates-as-required\" aria-required=\"true\" aria-invalid=\"false\" value=\"\" type=\"text\" name=\"last-name\" \/><\/span><br \/>\n<\/label>\n\t\t<\/p>\n\t<\/div>\n<\/div>\n<div class=\"cf-various-cols\">\n\t<div class=\"cf-2-cols\">\n\t\t<p><label> E-Mail*<br \/>\n<span class=\"wpcf7-form-control-wrap\" data-name=\"your-email\"><input size=\"40\" maxlength=\"400\" class=\"wpcf7-form-control wpcf7-email wpcf7-validates-as-required wpcf7-text wpcf7-validates-as-email\" aria-required=\"true\" aria-invalid=\"false\" value=\"\" type=\"email\" name=\"your-email\" \/><\/span><br \/>\n<\/label>\n\t\t<\/p>\n\t<\/div>\n\t<div class=\"cf-2-cols\">\n\t\t<p><label> Telefon*<br \/>\n<span class=\"wpcf7-form-control-wrap\" data-name=\"tel\"><input size=\"40\" maxlength=\"400\" class=\"wpcf7-form-control wpcf7-tel wpcf7-validates-as-required wpcf7-text wpcf7-validates-as-tel\" aria-required=\"true\" aria-invalid=\"false\" value=\"\" type=\"tel\" name=\"tel\" \/><\/span><br \/>\n<\/label>\n\t\t<\/p>\n\t<\/div>\n<\/div>\n<div class=\"cf-various-cols\">\n\t<div class=\"cf-2-cols\">\n\t\t<p><label> Stra\u00dfe*<br \/>\n<span class=\"wpcf7-form-control-wrap\" data-name=\"street\"><input size=\"40\" maxlength=\"400\" class=\"wpcf7-form-control wpcf7-text wpcf7-validates-as-required\" aria-required=\"true\" aria-invalid=\"false\" value=\"\" type=\"text\" name=\"street\" \/><\/span><br \/>\n<\/label>\n\t\t<\/p>\n\t<\/div>\n\t<div class=\"cf-2-cols\">\n\t\t<p><label> PLZ*<br \/>\n<span class=\"wpcf7-form-control-wrap\" data-name=\"plz\"><input size=\"40\" maxlength=\"400\" class=\"wpcf7-form-control wpcf7-text wpcf7-validates-as-required\" aria-required=\"true\" aria-invalid=\"false\" value=\"\" type=\"text\" name=\"plz\" \/><\/span><br \/>\n<\/label>\n\t\t<\/p>\n\t<\/div>\n<\/div>\n<div class=\"cf-various-cols\">\n\t<div class=\"cf-2-cols\">\n\t\t<p><label> Ort*<br \/>\n<span class=\"wpcf7-form-control-wrap\" data-name=\"town\"><input size=\"40\" maxlength=\"400\" class=\"wpcf7-form-control wpcf7-text wpcf7-validates-as-required\" aria-required=\"true\" aria-invalid=\"false\" value=\"\" type=\"text\" name=\"town\" \/><\/span><br \/>\n<\/label>\n\t\t<\/p>\n\t<\/div>\n<\/div>\n<div class=\"cf-various-cols\">\n\t<div class=\"cf-2-cols\">\n\t\t<p><label> Antrittsjahr*<br \/>\n<span class=\"wpcf7-form-control-wrap\" data-name=\"startingyear\"><input size=\"40\" maxlength=\"400\" class=\"wpcf7-form-control wpcf7-text wpcf7-validates-as-required\" aria-required=\"true\" aria-invalid=\"false\" value=\"\" type=\"text\" name=\"startingyear\" \/><\/span><br \/>\n<\/label>\n\t\t<\/p>\n\t<\/div>\n\t<div class=\"cf-2-cols\">\n\t\t<p><label>Gew\u00fcnschter Zuweisungstermin:<\/label><br \/>\n<span class=\"wpcf7-form-control-wrap\" data-name=\"zuweisungstermin\"><span class=\"wpcf7-form-control wpcf7-checkbox\"><span class=\"wpcf7-list-item first\"><label><input type=\"checkbox\" name=\"zuweisungstermin[]\" value=\"Februar\" \/><span class=\"wpcf7-list-item-label\">Februar<\/span><\/label><\/span><span class=\"wpcf7-list-item\"><label><input type=\"checkbox\" name=\"zuweisungstermin[]\" value=\"Mai\" \/><span class=\"wpcf7-list-item-label\">Mai<\/span><\/label><\/span><span class=\"wpcf7-list-item\"><label><input type=\"checkbox\" name=\"zuweisungstermin[]\" value=\"August\" \/><span class=\"wpcf7-list-item-label\">August<\/span><\/label><\/span><span class=\"wpcf7-list-item last\"><label><input type=\"checkbox\" name=\"zuweisungstermin[]\" value=\"November\" \/><span class=\"wpcf7-list-item-label\">November<\/span><\/label><\/span><\/span><\/span>\n\t\t<\/p>\n\t<\/div>\n<\/div>\n<div class=\"cf-various-cols\">\n\t<div class=\"cf-2-cols\">\n\t\t<p><label>Gew\u00fcnschter Einsatzbereich:<\/label><br \/>\n<span class=\"wpcf7-form-control-wrap\" data-name=\"einsatzbereich\"><span class=\"wpcf7-form-control wpcf7-checkbox\"><span class=\"wpcf7-list-item first\"><label><input type=\"checkbox\" name=\"einsatzbereich[]\" value=\"Senior*innen\" \/><span class=\"wpcf7-list-item-label\">Senior*innen<\/span><\/label><\/span><span class=\"wpcf7-list-item\"><label><input type=\"checkbox\" name=\"einsatzbereich[]\" value=\"Menschen mit Beeintr\u00e4chtigung\" \/><span class=\"wpcf7-list-item-label\">Menschen mit Beeintr\u00e4chtigung<\/span><\/label><\/span><span class=\"wpcf7-list-item last\"><label><input type=\"checkbox\" name=\"einsatzbereich[]\" value=\"Fl\u00fcchtlinge und Migrant*innen\" \/><span class=\"wpcf7-list-item-label\">Fl\u00fcchtlinge und Migrant*innen<\/span><\/label><\/span><\/span><\/span>\n\t\t<\/p>\n\t<\/div>\n\t<div class=\"cf-2-cols\">\n\t\t<p><label>Dein Weg zu uns:<\/label><br \/>\n<span class=\"wpcf7-form-control-wrap\" data-name=\"weg\"><span class=\"wpcf7-form-control wpcf7-checkbox\"><span class=\"wpcf7-list-item first\"><label><input type=\"checkbox\" name=\"weg[]\" value=\"F\u00fcr wehrdienst-tauglich erkl\u00e4rt\" \/><span class=\"wpcf7-list-item-label\">F\u00fcr wehrdienst-tauglich erkl\u00e4rt<\/span><\/label><\/span><span class=\"wpcf7-list-item\"><label><input type=\"checkbox\" name=\"weg[]\" value=\"Zivildiensterkl\u00e4rung abgegeben\" \/><span class=\"wpcf7-list-item-label\">Zivildiensterkl\u00e4rung abgegeben<\/span><\/label><\/span><span class=\"wpcf7-list-item last\"><label><input type=\"checkbox\" name=\"weg[]\" value=\"Feststellungsbescheid erhalten\" \/><span class=\"wpcf7-list-item-label\">Feststellungsbescheid erhalten<\/span><\/label><\/span><\/span><\/span>\n\t\t<\/p>\n\t<\/div>\n<\/div>\n<div class=\"contact-form-flex\" style=\"margin-top: 1em; margin-bottom: 1em;\">\n\t<p><span class=\"wpcf7-form-control-wrap\" data-name=\"datenschutz\"><span class=\"wpcf7-form-control wpcf7-acceptance\"><span class=\"wpcf7-list-item\"><input type=\"checkbox\" name=\"datenschutz\" value=\"1\" id=\"datenschutz\" aria-invalid=\"false\" \/><\/span><\/span><\/span><label for=\"datenschutz\">Ich akzeptiere die <a href=\"\/agb\"> AGB <\/a> und die <a href=\"\/datenschutz\"> Datenschutzerkl\u00e4rung <\/a> der Volkshilfe Ober\u00f6sterreich, sowie die Hinweise zur Websiteanalyse.<\/label>\n\t<\/p>\n<\/div>\n<div style=\"margin-bottom: 1em;\">\n\t<p>Diese Webseite wird durch das Google reCAPTCHA gesch\u00fctzt. Bitte beachten Sie die <a href=\"https:\/\/policies.google.com\/privacy\" target=\"_blank\" > Datenschutzbestimmungen<\/a> sowie die <a href=\"https:\/\/policies.google.com\/terms\" target=\"_blank\" >Nutzungsbedingungen<\/a> von Google.\n\t<\/p>\n<\/div>\n<p><input class=\"wpcf7-form-control wpcf7-submit has-spinner button\" type=\"submit\" value=\"Senden\" \/>\n<\/p><div class=\"wpcf7-response-output\" aria-hidden=\"true\"><\/div>\n<\/form>\n<\/div>\n\n\n\t\t<\/div>\n\t\t\t\t\t<\/div>\n\n\t\n\n<\/div>\n\n\t\t<\/div>\n\n\t\t\n<style>\n#section_474234820 {\n  padding-top: 30px;\n  padding-bottom: 30px;\n}\n<\/style>\n\t<\/section>\n\t\n\n","protected":false},"excerpt":{"rendered":"","protected":false},"author":1,"featured_media":5970,"parent":7093,"menu_order":0,"comment_status":"closed","ping_status":"closed","template":"page-blank.php","meta":{"_acf_changed":false,"footnotes":""},"class_list":["post-8625","page","type-page","status-publish","has-post-thumbnail","hentry"],"acf":[],"yoast_head":"<!-- This site is optimized with the Yoast SEO plugin v26.5 - https:\/\/yoast.com\/wordpress\/plugins\/seo\/ -->\n<title>Civil service - Volkshilfe O\u00d6<\/title>\n<meta name=\"robots\" content=\"index, follow, max-snippet:-1, max-image-preview:large, max-video-preview:-1\" \/>\n<link rel=\"canonical\" href=\"https:\/\/www.volkshilfe-ooe.at\/en\/jobs-volunteering\/civil-service\/\" \/>\n<meta property=\"og:locale\" content=\"en_US\" \/>\n<meta property=\"og:type\" content=\"article\" \/>\n<meta property=\"og:title\" content=\"Civil service - Volkshilfe O\u00d6\" \/>\n<meta property=\"og:url\" content=\"https:\/\/www.volkshilfe-ooe.at\/en\/jobs-volunteering\/civil-service\/\" \/>\n<meta property=\"og:site_name\" content=\"Volkshilfe O\u00d6\" \/>\n<meta property=\"article:modified_time\" content=\"2024-02-20T14:58:06+00:00\" \/>\n<meta name=\"twitter:card\" content=\"summary_large_image\" \/>\n<meta name=\"twitter:label1\" content=\"Est. reading time\" \/>\n\t<meta name=\"twitter:data1\" content=\"1 minute\" \/>\n<script type=\"application\/ld+json\" class=\"yoast-schema-graph\">{\"@context\":\"https:\/\/schema.org\",\"@graph\":[{\"@type\":\"WebPage\",\"@id\":\"https:\/\/www.volkshilfe-ooe.at\/en\/jobs-volunteering\/civil-service\/\",\"url\":\"https:\/\/www.volkshilfe-ooe.at\/en\/jobs-volunteering\/civil-service\/\",\"name\":\"Civil service - Volkshilfe O\u00d6\",\"isPartOf\":{\"@id\":\"https:\/\/www.volkshilfe-ooe.at\/en\/#website\"},\"primaryImageOfPage\":{\"@id\":\"https:\/\/www.volkshilfe-ooe.at\/en\/jobs-volunteering\/civil-service\/#primaryimage\"},\"image\":{\"@id\":\"https:\/\/www.volkshilfe-ooe.at\/en\/jobs-volunteering\/civil-service\/#primaryimage\"},\"thumbnailUrl\":\"https:\/\/www.volkshilfe-ooe.at\/wp-content\/uploads\/2023\/12\/VH-icons-37Stunden.svg\",\"datePublished\":\"2023-11-07T12:11:54+00:00\",\"dateModified\":\"2024-02-20T14:58:06+00:00\",\"breadcrumb\":{\"@id\":\"https:\/\/www.volkshilfe-ooe.at\/en\/jobs-volunteering\/civil-service\/#breadcrumb\"},\"inLanguage\":\"en-US\",\"potentialAction\":[{\"@type\":\"ReadAction\",\"target\":[\"https:\/\/www.volkshilfe-ooe.at\/en\/jobs-volunteering\/civil-service\/\"]}]},{\"@type\":\"ImageObject\",\"inLanguage\":\"en-US\",\"@id\":\"https:\/\/www.volkshilfe-ooe.at\/en\/jobs-volunteering\/civil-service\/#primaryimage\",\"url\":\"https:\/\/www.volkshilfe-ooe.at\/wp-content\/uploads\/2023\/12\/VH-icons-37Stunden.svg\",\"contentUrl\":\"https:\/\/www.volkshilfe-ooe.at\/wp-content\/uploads\/2023\/12\/VH-icons-37Stunden.svg\",\"caption\":\"Uhr Icon\"},{\"@type\":\"BreadcrumbList\",\"@id\":\"https:\/\/www.volkshilfe-ooe.at\/en\/jobs-volunteering\/civil-service\/#breadcrumb\",\"itemListElement\":[{\"@type\":\"ListItem\",\"position\":1,\"name\":\"Startseite\",\"item\":\"https:\/\/www.volkshilfe-ooe.at\/en\/\"},{\"@type\":\"ListItem\",\"position\":2,\"name\":\"Jobs &amp; Volunteering\",\"item\":\"https:\/\/www.volkshilfe-ooe.at\/en\/jobs-volunteering\/\"},{\"@type\":\"ListItem\",\"position\":3,\"name\":\"Civil service\"}]},{\"@type\":\"WebSite\",\"@id\":\"https:\/\/www.volkshilfe-ooe.at\/en\/#website\",\"url\":\"https:\/\/www.volkshilfe-ooe.at\/en\/\",\"name\":\"Volkshilfe O\u00d6\",\"description\":\"\",\"publisher\":{\"@id\":\"https:\/\/www.volkshilfe-ooe.at\/en\/#organization\"},\"potentialAction\":[{\"@type\":\"SearchAction\",\"target\":{\"@type\":\"EntryPoint\",\"urlTemplate\":\"https:\/\/www.volkshilfe-ooe.at\/en\/?s={search_term_string}\"},\"query-input\":{\"@type\":\"PropertyValueSpecification\",\"valueRequired\":true,\"valueName\":\"search_term_string\"}}],\"inLanguage\":\"en-US\"},{\"@type\":\"Organization\",\"@id\":\"https:\/\/www.volkshilfe-ooe.at\/en\/#organization\",\"name\":\"Volkshilfe O\u00d6\",\"url\":\"https:\/\/www.volkshilfe-ooe.at\/en\/\",\"logo\":{\"@type\":\"ImageObject\",\"inLanguage\":\"en-US\",\"@id\":\"https:\/\/www.volkshilfe-ooe.at\/en\/#\/schema\/logo\/image\/\",\"url\":\"https:\/\/www.volkshilfe-ooe.at\/wp-content\/uploads\/2023\/11\/VH_Logo_oberoesterreich.svg\",\"contentUrl\":\"https:\/\/www.volkshilfe-ooe.at\/wp-content\/uploads\/2023\/11\/VH_Logo_oberoesterreich.svg\",\"width\":1,\"height\":1,\"caption\":\"Volkshilfe O\u00d6\"},\"image\":{\"@id\":\"https:\/\/www.volkshilfe-ooe.at\/en\/#\/schema\/logo\/image\/\"}}]}<\/script>\n<!-- \/ Yoast SEO plugin. -->","yoast_head_json":{"title":"Civil service - Volkshilfe O\u00d6","robots":{"index":"index","follow":"follow","max-snippet":"max-snippet:-1","max-image-preview":"max-image-preview:large","max-video-preview":"max-video-preview:-1"},"canonical":"https:\/\/www.volkshilfe-ooe.at\/en\/jobs-volunteering\/civil-service\/","og_locale":"en_US","og_type":"article","og_title":"Civil service - Volkshilfe O\u00d6","og_url":"https:\/\/www.volkshilfe-ooe.at\/en\/jobs-volunteering\/civil-service\/","og_site_name":"Volkshilfe O\u00d6","article_modified_time":"2024-02-20T14:58:06+00:00","twitter_card":"summary_large_image","twitter_misc":{"Est. reading time":"1 minute"},"schema":{"@context":"https:\/\/schema.org","@graph":[{"@type":"WebPage","@id":"https:\/\/www.volkshilfe-ooe.at\/en\/jobs-volunteering\/civil-service\/","url":"https:\/\/www.volkshilfe-ooe.at\/en\/jobs-volunteering\/civil-service\/","name":"Civil service - Volkshilfe O\u00d6","isPartOf":{"@id":"https:\/\/www.volkshilfe-ooe.at\/en\/#website"},"primaryImageOfPage":{"@id":"https:\/\/www.volkshilfe-ooe.at\/en\/jobs-volunteering\/civil-service\/#primaryimage"},"image":{"@id":"https:\/\/www.volkshilfe-ooe.at\/en\/jobs-volunteering\/civil-service\/#primaryimage"},"thumbnailUrl":"https:\/\/www.volkshilfe-ooe.at\/wp-content\/uploads\/2023\/12\/VH-icons-37Stunden.svg","datePublished":"2023-11-07T12:11:54+00:00","dateModified":"2024-02-20T14:58:06+00:00","breadcrumb":{"@id":"https:\/\/www.volkshilfe-ooe.at\/en\/jobs-volunteering\/civil-service\/#breadcrumb"},"inLanguage":"en-US","potentialAction":[{"@type":"ReadAction","target":["https:\/\/www.volkshilfe-ooe.at\/en\/jobs-volunteering\/civil-service\/"]}]},{"@type":"ImageObject","inLanguage":"en-US","@id":"https:\/\/www.volkshilfe-ooe.at\/en\/jobs-volunteering\/civil-service\/#primaryimage","url":"https:\/\/www.volkshilfe-ooe.at\/wp-content\/uploads\/2023\/12\/VH-icons-37Stunden.svg","contentUrl":"https:\/\/www.volkshilfe-ooe.at\/wp-content\/uploads\/2023\/12\/VH-icons-37Stunden.svg","caption":"Uhr Icon"},{"@type":"BreadcrumbList","@id":"https:\/\/www.volkshilfe-ooe.at\/en\/jobs-volunteering\/civil-service\/#breadcrumb","itemListElement":[{"@type":"ListItem","position":1,"name":"Startseite","item":"https:\/\/www.volkshilfe-ooe.at\/en\/"},{"@type":"ListItem","position":2,"name":"Jobs &amp; Volunteering","item":"https:\/\/www.volkshilfe-ooe.at\/en\/jobs-volunteering\/"},{"@type":"ListItem","position":3,"name":"Civil service"}]},{"@type":"WebSite","@id":"https:\/\/www.volkshilfe-ooe.at\/en\/#website","url":"https:\/\/www.volkshilfe-ooe.at\/en\/","name":"Volkshilfe O\u00d6","description":"","publisher":{"@id":"https:\/\/www.volkshilfe-ooe.at\/en\/#organization"},"potentialAction":[{"@type":"SearchAction","target":{"@type":"EntryPoint","urlTemplate":"https:\/\/www.volkshilfe-ooe.at\/en\/?s={search_term_string}"},"query-input":{"@type":"PropertyValueSpecification","valueRequired":true,"valueName":"search_term_string"}}],"inLanguage":"en-US"},{"@type":"Organization","@id":"https:\/\/www.volkshilfe-ooe.at\/en\/#organization","name":"Volkshilfe O\u00d6","url":"https:\/\/www.volkshilfe-ooe.at\/en\/","logo":{"@type":"ImageObject","inLanguage":"en-US","@id":"https:\/\/www.volkshilfe-ooe.at\/en\/#\/schema\/logo\/image\/","url":"https:\/\/www.volkshilfe-ooe.at\/wp-content\/uploads\/2023\/11\/VH_Logo_oberoesterreich.svg","contentUrl":"https:\/\/www.volkshilfe-ooe.at\/wp-content\/uploads\/2023\/11\/VH_Logo_oberoesterreich.svg","width":1,"height":1,"caption":"Volkshilfe O\u00d6"},"image":{"@id":"https:\/\/www.volkshilfe-ooe.at\/en\/#\/schema\/logo\/image\/"}}]}},"_links":{"self":[{"href":"https:\/\/www.volkshilfe-ooe.at\/en\/wp-json\/wp\/v2\/pages\/8625","targetHints":{"allow":["GET"]}}],"collection":[{"href":"https:\/\/www.volkshilfe-ooe.at\/en\/wp-json\/wp\/v2\/pages"}],"about":[{"href":"https:\/\/www.volkshilfe-ooe.at\/en\/wp-json\/wp\/v2\/types\/page"}],"author":[{"embeddable":true,"href":"https:\/\/www.volkshilfe-ooe.at\/en\/wp-json\/wp\/v2\/users\/1"}],"replies":[{"embeddable":true,"href":"https:\/\/www.volkshilfe-ooe.at\/en\/wp-json\/wp\/v2\/comments?post=8625"}],"version-history":[{"count":2,"href":"https:\/\/www.volkshilfe-ooe.at\/en\/wp-json\/wp\/v2\/pages\/8625\/revisions"}],"predecessor-version":[{"id":8627,"href":"https:\/\/www.volkshilfe-ooe.at\/en\/wp-json\/wp\/v2\/pages\/8625\/revisions\/8627"}],"up":[{"embeddable":true,"href":"https:\/\/www.volkshilfe-ooe.at\/en\/wp-json\/wp\/v2\/pages\/7093"}],"wp:featuredmedia":[{"embeddable":true,"href":"https:\/\/www.volkshilfe-ooe.at\/en\/wp-json\/wp\/v2\/media\/5970"}],"wp:attachment":[{"href":"https:\/\/www.volkshilfe-ooe.at\/en\/wp-json\/wp\/v2\/media?parent=8625"}],"curies":[{"name":"wp","href":"https:\/\/api.w.org\/{rel}","templated":true}]}}